{"id":1096,"date":"2025-03-21T14:15:43","date_gmt":"2025-03-21T18:15:43","guid":{"rendered":"https:\/\/gopowergroup.ca\/installation-dun-chargeur-domestique-pour-ve\/"},"modified":"2026-03-03T13:24:45","modified_gmt":"2026-03-03T18:24:45","slug":"installation-dun-chargeur-domestique-pour-ve","status":"publish","type":"page","link":"https:\/\/gopowergroup.ca\/fr\/installation-dun-chargeur-domestique-pour-ve\/","title":{"rendered":"Installation d\u2019un chargeur domestique pour VE"},"content":{"rendered":"\n<h2 class=\"wp-block-heading\">Comprendre le co\u00fbt et les options de l\u2019installation d\u2019un chargeur de VE \u00e0 domicile<\/h2>\n\n<p class=\"\">L\u2019installation d\u2019un chargeur de VE \u00e0 domicile est une \u00e9tape cl\u00e9 pour rendre la possession d\u2019un v\u00e9hicule \u00e9lectrique plus pratique, mais le co\u00fbt total peut varier de mani\u00e8re significative en fonction de plusieurs facteurs. Les propri\u00e9taires doivent prendre en compte des aspects tels que la capacit\u00e9 \u00e9lectrique, le type de chargeur et la complexit\u00e9 de l\u2019installation avant de prendre une d\u00e9cision. En outre, le choix entre un chargeur enfichable et un chargeur c\u00e2bl\u00e9 peut avoir une incidence sur la flexibilit\u00e9, le co\u00fbt et la fiabilit\u00e9 \u00e0 long terme. Nous d\u00e9crivons ci-dessous les principaux facteurs qui influencent les co\u00fbts d\u2019installation et les diff\u00e9rences entre les chargeurs de VE enfichables et c\u00e2bl\u00e9s.   <\/p>\n\n<div style=\"height:48px\" aria-hidden=\"true\" class=\"wp-block-spacer\"><\/div>\n\n<div class=\"wp-block-columns are-vertically-aligned-center is-layout-flex wp-container-core-columns-is-layout-9d6595d7 wp-block-columns-is-layout-flex\">\n<div class=\"wp-block-column is-layout-flow wp-block-column-is-layout-flow\" style=\"flex-basis:35%\">\n<h2 class=\"wp-block-heading has-text-align-right\"><strong>Facteurs influen\u00e7ant les co\u00fbts d\u2019installation<\/strong><\/h2>\n\n\n\n<p class=\"has-text-align-right has-medium-font-size\">Le co\u00fbt de l\u2019installation d\u2019un chargeur domestique d\u00e9pend de plusieurs facteurs :<\/p>\n\n\n\n<div style=\"height:32px\" aria-hidden=\"true\" class=\"wp-block-spacer\"><\/div>\n\n\n\n<figure class=\"wp-block-image alignright size-full nfd-wb-animate nfd-wb-fade-in-left-short nfd-delay-150\"><img loading=\"lazy\" decoding=\"async\" width=\"201\" height=\"201\" src=\"https:\/\/gopowergroup.ca\/wp-content\/uploads\/2025\/03\/icon-cost-factors.webp\" alt=\"\" class=\"wp-image-858\" srcset=\"https:\/\/gopowergroup.ca\/wp-content\/uploads\/2025\/03\/icon-cost-factors.webp 201w, https:\/\/gopowergroup.ca\/wp-content\/uploads\/2025\/03\/icon-cost-factors-150x150.webp 150w\" sizes=\"(max-width: 201px) 100vw, 201px\" \/><\/figure>\n<\/div>\n\n\n\n<div class=\"wp-block-column has-background is-layout-constrained wp-container-core-column-is-layout-06ee857a wp-block-column-is-layout-constrained\" style=\"background-color:#ecf3f9;flex-basis:65%\">\n<div style=\"height:32px\" aria-hidden=\"true\" class=\"wp-block-spacer\"><\/div>\n\n\n\n<h4 class=\"wp-block-heading has-text-align-left\"><strong>Type de chargeur et amp\u00e9rage<\/strong><\/h4>\n\n\n\n<p class=\"has-text-align-left\">Les chargeurs de plus grande puissance (par exemple, 48A+) co\u00fbtent plus cher en raison d\u2019un c\u00e2blage plus \u00e9pais et de disjoncteurs plus importants.<\/p>\n\n\n\n<h4 class=\"wp-block-heading has-text-align-left\"><strong>Capacit\u00e9 du tableau \u00e9lectrique<\/strong> <\/h4>\n\n\n\n<p class=\"has-text-align-left\">La mise \u00e0 niveau d\u2019un panneau surcharg\u00e9 peut ajouter entre 1 000 $ et 5 000 $ au co\u00fbt.<\/p>\n\n\n\n<h4 class=\"wp-block-heading has-text-align-left\"><strong>Distance de c\u00e2blage<\/strong><\/h4>\n\n\n\n<p class=\"has-text-align-left\">L\u2019allongement de la distance entre le panneau et le chargeur augmente les co\u00fbts de main-d\u2019\u0153uvre et de mat\u00e9riel.<\/p>\n\n\n\n<h4 class=\"wp-block-heading has-text-align-left\"><strong>Type d\u2019installation<\/strong><\/h4>\n\n\n\n<p class=\"has-text-align-left\">Les installations enfichables (NEMA 14-50) sont moins ch\u00e8res, tandis que les installations c\u00e2bl\u00e9es co\u00fbtent plus cher mais permettent une plus grande puissance.<\/p>\n\n\n\n<h4 class=\"wp-block-heading has-text-align-left\"><strong>Permis et inspection<\/strong><\/h4>\n\n\n\n<p class=\"has-text-align-left\">G\u00e9n\u00e9ralement entre 100 $ et 500 $, en fonction des codes locaux.<\/p>\n\n\n\n<h4 class=\"wp-block-heading has-text-align-left\"><strong>Co\u00fbts de main-d\u2019\u0153uvre et complexit\u00e9<\/strong><\/h4>\n\n\n\n<p class=\"has-text-align-left\">Le fait de faire passer des c\u00e2bles dans les murs ou sous terre augmente les co\u00fbts.<\/p>\n\n\n\n<h4 class=\"wp-block-heading has-text-align-left\"><strong>Int\u00e9rieur et ext\u00e9rieur<\/strong><\/h4>\n\n\n\n<p class=\"has-text-align-left\">Les installations ext\u00e9rieures peuvent n\u00e9cessiter une protection contre les intemp\u00e9ries, ce qui augmente les co\u00fbts.<\/p>\n\n\n\n<h4 class=\"wp-block-heading has-text-align-left\"><strong>Remises et incitations<\/strong><\/h4>\n\n\n\n<p class=\"has-text-align-left\">Les remises accord\u00e9es par les autorit\u00e9s f\u00e9d\u00e9rales, provinciales et les services publics peuvent r\u00e9duire les co\u00fbts de 250 $ \u00e0 1 500 $ ou plus.<\/p>\n\n\n\n<div style=\"height:32px\" aria-hidden=\"true\" class=\"wp-block-spacer\"><\/div>\n<\/div>\n<\/div>\n\n<div style=\"height:100px\" aria-hidden=\"true\" class=\"wp-block-spacer\"><\/div>\n\n<h2 class=\"wp-block-heading has-text-align-center\"><strong>Estimation des co\u00fbts<\/strong><\/h2>\n\n<div class=\"wp-block-columns is-layout-flex wp-container-core-columns-is-layout-9d6595d7 wp-block-columns-is-layout-flex\">\n<div class=\"wp-block-column is-vertically-aligned-center has-black-color has-text-color has-background has-link-color wp-elements-1bf043dbc1df7892f3d85044c40d68b3 is-layout-constrained wp-container-core-column-is-layout-990f8f10 wp-block-column-is-layout-constrained\" style=\"background-color:#e3eef7;flex-basis:33.34%\">\n<div style=\"height:32px\" aria-hidden=\"true\" class=\"wp-block-spacer\"><\/div>\n\n\n\n<p class=\"has-text-align-center has-medium-font-size\"><strong>Installation de base<\/strong> <\/p>\n\n\n\n<p class=\"has-text-align-center\">(panneau existant, court-circuit) : <\/p>\n\n\n\n<p class=\"has-text-align-center has-medium-font-size\">500 $ - 1,500 $<\/p>\n\n\n\n<div style=\"height:32px\" aria-hidden=\"true\" class=\"wp-block-spacer\"><\/div>\n<\/div>\n\n\n\n<div class=\"wp-block-column is-vertically-aligned-center has-black-color has-cyan-bluish-gray-background-color has-text-color has-background has-link-color wp-elements-b9438087f23e06f5a881759373742a5b is-layout-constrained wp-container-core-column-is-layout-990f8f10 wp-block-column-is-layout-constrained\" style=\"flex-basis:33.34%\">\n<div style=\"height:32px\" aria-hidden=\"true\" class=\"wp-block-spacer\"><\/div>\n\n\n\n<p class=\"has-text-align-center has-medium-font-size\"><strong>Installation mod\u00e9r\u00e9e<\/strong> <\/p>\n\n\n\n<p class=\"has-text-align-center\">(nouveau c\u00e2blage, travaux mineurs sur les panneaux) : <\/p>\n\n\n\n<p class=\"has-text-align-center has-medium-font-size\">1 500 $ - 3 000 $<\/p>\n\n\n\n<div style=\"height:32px\" aria-hidden=\"true\" class=\"wp-block-spacer\"><\/div>\n<\/div>\n\n\n\n<div class=\"wp-block-column is-vertically-aligned-center has-white-color has-text-color has-background has-link-color wp-elements-76b7a7162eb0a48a3f7ddd3da43cf1a9 is-layout-constrained wp-container-core-column-is-layout-990f8f10 wp-block-column-is-layout-constrained\" style=\"background-color:#6c7f90;flex-basis:33.33%\">\n<div style=\"height:32px\" aria-hidden=\"true\" class=\"wp-block-spacer\"><\/div>\n\n\n\n<p class=\"has-text-align-center has-white-color has-text-color has-link-color has-medium-font-size wp-elements-a37fcfc2787740c02729fef01e9a6a88\"><strong>Installation complexe<\/strong> <\/p>\n\n\n\n<p class=\"has-text-align-center\">(mise \u00e0 niveau des panneaux, c\u00e2blage long, creusement de tranch\u00e9es) : <\/p>\n\n\n\n<p class=\"has-text-align-center has-medium-font-size\">3 000 $ - 6 000 $<\/p>\n\n\n\n<div style=\"height:32px\" aria-hidden=\"true\" class=\"wp-block-spacer\"><\/div>\n<\/div>\n<\/div>\n\n<div style=\"height:100px\" aria-hidden=\"true\" class=\"wp-block-spacer\"><\/div>\n\n<h2 class=\"wp-block-heading has-text-align-center\"><strong>Chargeurs de VE rechargeables ou c\u00e2bl\u00e9s<\/strong><\/h2>\n\n<p class=\"\"><\/p>\n\n<div class=\"wp-block-media-text has-media-on-the-right is-stacked-on-mobile is-vertically-aligned-top\" style=\"grid-template-columns:auto 25%\"><div class=\"wp-block-media-text__content\">\n<h3 class=\"wp-block-heading\"><strong>Installation<\/strong><\/h3>\n\n\n\n<p class=\"\"><strong>Chargeur enfichable <\/strong>: Se branche sur une prise de 240 V, g\u00e9n\u00e9ralement une prise NEMA 14-50 (50A) ou NEMA 6-50. Il faut faire appel \u00e0 un \u00e9lectricien pour installer la prise s\u2019il n\u2019y en a pas d\u00e9j\u00e0 une. <\/p>\n\n\n\n<p class=\"\"><strong>Chargeur c\u00e2bl\u00e9 <\/strong>: Connect\u00e9 en permanence au syst\u00e8me \u00e9lectrique de votre maison, sans prise. Il n\u00e9cessite un c\u00e2blage direct vers un disjoncteur. <\/p>\n\n\n\n<h3 class=\"wp-block-heading\"><strong>Flexibilit\u00e9<\/strong><\/h3>\n\n\n\n<p class=\"\"><strong>Branchement <\/strong>: Peut \u00eatre d\u00e9branch\u00e9 et d\u00e9plac\u00e9 si vous d\u00e9m\u00e9nagez ou souhaitez l\u2019emmener avec vous. Permet \u00e9galement un remplacement facile. <\/p>\n\n\n\n<p class=\"\"><strong>C\u00e2bl\u00e9 <\/strong>: Fix\u00e9 en place, id\u00e9al pour les installations permanentes.<\/p>\n\n\n\n<h3 class=\"wp-block-heading\"><strong>Puissance de charge<\/strong><\/h3>\n\n\n\n<p class=\"\"><strong>Branchement <\/strong>: G\u00e9n\u00e9ralement limit\u00e9 \u00e0 40 amp\u00e8res maximum, car la plupart des circuits de 50 amp\u00e8res exigent une r\u00e8gle de d\u00e9classement de 80 % pour les charges continues.<\/p>\n\n\n\n<p class=\"\"><strong>C\u00e2bl\u00e9 <\/strong>: Peut supporter des amp\u00e9rages plus \u00e9lev\u00e9s (jusqu'\u00e0 48-80 amp\u00e8res) pour une charge plus rapide, en fonction de la capacit\u00e9 du panneau \u00e9lectrique.<\/p>\n\n\n\n<h3 class=\"wp-block-heading\"><strong>S\u00e9curit\u00e9 et respect du code<\/strong><\/h3>\n\n\n\n<p class=\"\"><strong>Branchement <\/strong>: Peut ne pas \u00eatre conforme aux codes \u00e9lectriques locaux pour une utilisation \u00e0 l\u2019ext\u00e9rieur, \u00e0 moins d\u2019\u00eatre install\u00e9 dans un bo\u00eetier r\u00e9sistant aux intemp\u00e9ries.<\/p>\n\n\n\n<p class=\"\"><strong>C\u00e2bl\u00e9 <\/strong>: G\u00e9n\u00e9ralement plus r\u00e9sistant aux intemp\u00e9ries et souvent requis pour les installations ext\u00e9rieures.<\/p>\n\n\n\n<h3 class=\"wp-block-heading\"><strong>Consid\u00e9rations relatives aux co\u00fbts<\/strong><\/h3>\n\n\n\n<p class=\"\"><strong>Branchement <\/strong>: Co\u00fbt d\u2019installation moins \u00e9lev\u00e9 si vous disposez d\u00e9j\u00e0 d\u2019une prise de courant de 240 V, mais l\u2019ajout d\u2019une prise de courant peut co\u00fbter plus cher.<\/p>\n\n\n\n<p class=\"\"><strong>C\u00e2bl\u00e9 <\/strong>: Plus cher au d\u00e9part en raison des co\u00fbts d\u2019installation, mais peut offrir une meilleure fiabilit\u00e9 \u00e0 long terme.<\/p>\n<\/div><figure class=\"wp-block-media-text__media\"><img loading=\"lazy\" decoding=\"async\" width=\"201\" height=\"201\" src=\"https:\/\/gopowergroup.ca\/wp-content\/uploads\/2025\/03\/icon-plugin-hardwired.webp\" alt=\"\" class=\"wp-image-871 size-full\" srcset=\"https:\/\/gopowergroup.ca\/wp-content\/uploads\/2025\/03\/icon-plugin-hardwired.webp 201w, https:\/\/gopowergroup.ca\/wp-content\/uploads\/2025\/03\/icon-plugin-hardwired-150x150.webp 150w\" sizes=\"(max-width: 201px) 100vw, 201px\" \/><\/figure><\/div>\n\n<p class=\"\"><\/p>\n\n<figure class=\"wp-block-image size-full\"><img loading=\"lazy\" decoding=\"async\" width=\"1024\" height=\"586\" src=\"https:\/\/gopowergroup.ca\/wp-content\/uploads\/2024\/12\/gopower-ad-evcharger.jpg\" alt=\"\" class=\"wp-image-790\" srcset=\"https:\/\/gopowergroup.ca\/wp-content\/uploads\/2024\/12\/gopower-ad-evcharger.jpg 1024w, https:\/\/gopowergroup.ca\/wp-content\/uploads\/2024\/12\/gopower-ad-evcharger-980x561.jpg 980w, https:\/\/gopowergroup.ca\/wp-content\/uploads\/2024\/12\/gopower-ad-evcharger-480x275.jpg 480w\" sizes=\"(min-width: 0px) and (max-width: 480px) 480px, (min-width: 481px) and (max-width: 980px) 980px, (min-width: 981px) 1024px, 100vw\" \/><\/figure>\n\n<div class=\"wp-block-columns is-layout-flex wp-container-core-columns-is-layout-9d6595d7 wp-block-columns-is-layout-flex\">\n<div class=\"wp-block-column is-layout-flow wp-block-column-is-layout-flow\" style=\"flex-basis:50%\">\n<figure class=\"wp-block-gallery has-nested-images columns-default is-cropped wp-block-gallery-1 is-layout-flex wp-block-gallery-is-layout-flex\">\n<figure class=\"wp-block-image size-full\"><img loading=\"lazy\" decoding=\"async\" width=\"1024\" height=\"683\" data-id=\"1298\" src=\"https:\/\/gopowergroup.ca\/wp-content\/uploads\/2025\/04\/evcharger-2.webp\" alt=\"\" class=\"wp-image-1298\" srcset=\"https:\/\/gopowergroup.ca\/wp-content\/uploads\/2025\/04\/evcharger-2.webp 1024w, https:\/\/gopowergroup.ca\/wp-content\/uploads\/2025\/04\/evcharger-2-980x654.webp 980w, https:\/\/gopowergroup.ca\/wp-content\/uploads\/2025\/04\/evcharger-2-480x320.webp 480w\" sizes=\"(min-width: 0px) and (max-width: 480px) 480px, (min-width: 481px) and (max-width: 980px) 980px, (min-width: 981px) 1024px, 100vw\" \/><\/figure>\n<\/figure>\n<\/div>\n\n\n\n<div class=\"wp-block-column is-layout-flow wp-block-column-is-layout-flow\" style=\"flex-basis:50%\">\n<figure class=\"wp-block-image size-large\"><img loading=\"lazy\" decoding=\"async\" width=\"1024\" height=\"683\" src=\"https:\/\/gopowergroup.ca\/wp-content\/uploads\/2025\/04\/evcharger-3.webp\" alt=\"\" class=\"wp-image-1300\" srcset=\"https:\/\/gopowergroup.ca\/wp-content\/uploads\/2025\/04\/evcharger-3.webp 1024w, https:\/\/gopowergroup.ca\/wp-content\/uploads\/2025\/04\/evcharger-3-980x654.webp 980w, https:\/\/gopowergroup.ca\/wp-content\/uploads\/2025\/04\/evcharger-3-480x320.webp 480w\" sizes=\"(min-width: 0px) and (max-width: 480px) 480px, (min-width: 481px) and (max-width: 980px) 980px, (min-width: 981px) 1024px, 100vw\" \/><\/figure>\n<\/div>\n<\/div>\n\n<div style=\"height:100px\" aria-hidden=\"true\" class=\"wp-block-spacer\"><\/div>\n\n<h2 class=\"wp-block-heading\"><strong>Lequel choisir\u2009?<\/strong><\/h2>\n\n<ul class=\"wp-block-list\">\n<li class=\"\"><strong>Branchement <\/strong>: Id\u00e9al pour les locataires, les personnes susceptibles de d\u00e9m\u00e9nager ou si vous disposez d\u00e9j\u00e0 d\u2019une prise de courant compatible.<\/li>\n\n\n\n<li class=\"\"><strong>C\u00e2bl\u00e9 <\/strong>: Id\u00e9al pour les installations permanentes, les besoins en \u00e9nergie plus importants ou les installations ext\u00e9rieures.<\/li>\n<\/ul>\n\n<p class=\"\">Ce guide fournit une vue d\u2019ensemble compl\u00e8te pour vous aider \u00e0 choisir la meilleure option d\u2019installation pour votre chargeur domestique. Consultez-nous pour d\u00e9terminer la meilleure option d\u2019installation pour vous. Nous pouvons vous aider \u00e0 \u00e9valuer vos besoins sp\u00e9cifiques et vous guider tout au long du processus.  <\/p>\n\n<figure class=\"is-style-stripes wp-block-table\"><table class=\"has-fixed-layout\"><thead><tr><th>CARACT\u00c9RISTIQUE<\/th><th>CHARGEUR \u00c0 BRANCHER<\/th><th>CHARGEUR C\u00c2BL\u00c9<\/th><\/tr><\/thead><tbody><tr><td>INSTALLATION<\/td><td>Se branche sur une prise <strong>NEMA 14-50 ou 6-50 <\/strong>(n\u00e9cessite l\u2019installation d\u2019une prise 240V si elle n\u2019est pas d\u00e9j\u00e0 disponible)<\/td><td>Raccordement direct au tableau \u00e9lectrique (n\u00e9cessite l\u2019intervention d\u2019un \u00e9lectricien)<\/td><\/tr><tr><td>FLEXIBILIT\u00c9<\/td><td>Portable \u2013 peut \u00eatre d\u00e9branch\u00e9 et d\u00e9plac\u00e9<\/td><td>Permanent \u2013 fix\u00e9 en un seul lieu<\/td><\/tr><tr><td>SORTIE D\u2019ALIMENTATION<\/td><td>Habituellement <strong>limit\u00e9 \u00e0 <\/strong><strong>40A <\/strong>(en raison des limitations des disjoncteurs)<\/td><td>Peut supporter un <strong>amp\u00e9rage plus \u00e9lev\u00e9 (48A-80A)<\/strong> pour une charge plus rapide<\/td><\/tr><tr><td>CO\u00dbT<\/td><td>Co\u00fbt initial moins \u00e9lev\u00e9 si un point de vente existe<\/td><td>Co\u00fbt d\u2019installation plus \u00e9lev\u00e9 mais \u00e9conomies possibles \u00e0 long terme<\/td><\/tr><tr><td>S\u00c9CURIT\u00c9 ET CODE<\/td><td>Peut n\u00e9cessiter un bo\u00eetier \u00e9tanche pour une utilisation \u00e0 l\u2019ext\u00e9rieur<\/td><td>G\u00e9n\u00e9ralement pr\u00e9f\u00e9r\u00e9 pour les <strong>installations ext\u00e9rieures<\/strong> en raison de sa r\u00e9sistance aux intemp\u00e9ries<\/td><\/tr><tr><td>MEILLEUR POUR<\/td><td>Les locataires, les personnes susceptibles de d\u00e9m\u00e9nager ou celles qui disposent d\u00e9j\u00e0 d\u2019un point de vente.<\/td><td>Propri\u00e9taires \u00e0 la recherche d\u2019une solution de recharge <strong>permanente<\/strong> et puissante<\/td><\/tr><\/tbody><\/table><\/figure>\n","protected":false},"excerpt":{"rendered":"<p>Co\u00fbts, consid\u00e9rations et d\u00e9cisions cl\u00e9s<\/p>\n","protected":false},"author":1,"featured_media":1010,"parent":0,"menu_order":0,"comment_status":"closed","ping_status":"closed","template":"","meta":{"_monsterinsights_skip_tracking":false,"_monsterinsights_sitenote_active":false,"_monsterinsights_sitenote_note":"","_monsterinsights_sitenote_category":0,"footnotes":""},"class_list":["post-1096","page","type-page","status-publish","has-post-thumbnail","hentry"],"aioseo_notices":[],"_links":{"self":[{"href":"https:\/\/gopowergroup.ca\/fr\/wp-json\/wp\/v2\/pages\/1096","targetHints":{"allow":["GET"]}}],"collection":[{"href":"https:\/\/gopowergroup.ca\/fr\/wp-json\/wp\/v2\/pages"}],"about":[{"href":"https:\/\/gopowergroup.ca\/fr\/wp-json\/wp\/v2\/types\/page"}],"author":[{"embeddable":true,"href":"https:\/\/gopowergroup.ca\/fr\/wp-json\/wp\/v2\/users\/1"}],"replies":[{"embeddable":true,"href":"https:\/\/gopowergroup.ca\/fr\/wp-json\/wp\/v2\/comments?post=1096"}],"version-history":[{"count":5,"href":"https:\/\/gopowergroup.ca\/fr\/wp-json\/wp\/v2\/pages\/1096\/revisions"}],"predecessor-version":[{"id":1417,"href":"https:\/\/gopowergroup.ca\/fr\/wp-json\/wp\/v2\/pages\/1096\/revisions\/1417"}],"wp:featuredmedia":[{"embeddable":true,"href":"https:\/\/gopowergroup.ca\/fr\/wp-json\/wp\/v2\/media\/1010"}],"wp:attachment":[{"href":"https:\/\/gopowergroup.ca\/fr\/wp-json\/wp\/v2\/media?parent=1096"}],"curies":[{"name":"wp","href":"https:\/\/api.w.org\/{rel}","templated":true}]}}