{"id":1081,"date":"2024-10-04T15:07:11","date_gmt":"2024-10-04T19:07:11","guid":{"rendered":"https:\/\/gopowergroup.ca\/a-propos-de-nous\/"},"modified":"2026-03-03T13:15:22","modified_gmt":"2026-03-03T18:15:22","slug":"a-propos-de-nous","status":"publish","type":"page","link":"https:\/\/gopowergroup.ca\/fr\/a-propos-de-nous\/","title":{"rendered":"\u00c0 propos de nous"},"content":{"rendered":"\n<h2 class=\"wp-block-heading\"><strong>Notre histoire<\/strong><\/h2>\n\n<p class=\"\">Chez <strong>GoPower<\/strong>, nous sommes passionn\u00e9s par la prestation de services \u00e9lectriques exceptionnels dans la r\u00e9gion d\u2019Ottawa. Notre \u00e9quipe d\u2019\u00e9lectriciens certifi\u00e9s apporte des ann\u00e9es d\u2019exp\u00e9rience et d\u2019expertise \u00e0 chaque projet, garantissant un travail de la plus haute qualit\u00e9 et une satisfaction in\u00e9gal\u00e9e de la client\u00e8le. Fond\u00e9e sur les principes de fiabilit\u00e9, de professionnalisme et d\u2019int\u00e9grit\u00e9, <strong>GoPower<\/strong> s\u2019engage \u00e0 fournir des solutions qui d\u00e9passent vos attentes.  <\/p>\n\n<div style=\"height:50px\" aria-hidden=\"true\" class=\"wp-block-spacer\"><\/div>\n\n<h2 class=\"wp-block-heading\"><strong>Notre \u00e9quipe<\/strong><\/h2>\n\n<div class=\"wp-block-group is-nowrap is-layout-flex wp-container-core-group-is-layout-ad2f72ca wp-block-group-is-layout-flex\">\n<p class=\"\">Nos \u00e9lectriciens sont hautement qualifi\u00e9s et poss\u00e8dent une vaste exp\u00e9rience des syst\u00e8mes \u00e9lectriques r\u00e9sidentiels, commerciaux et industriels. Nous sommes fiers de notre capacit\u00e9 \u00e0 mener \u00e0 bien des projets de petite ou de grande envergure, en mettant toujours l\u2019accent sur la pr\u00e9cision et la qualit\u00e9. <\/p>\n<\/div>\n\n<div style=\"height:50px\" aria-hidden=\"true\" class=\"wp-block-spacer\"><\/div>\n\n<h2 class=\"wp-block-heading\"><strong>Pourquoi nous choisir\u2009?<\/strong><\/h2>\n\n<p class=\"\">Choisir <strong>GoPower<\/strong>, c\u2019est choisir l\u2019excellence. Nos ma\u00eetres \u00e9lectriciens apportent une richesse de connaissances et d\u2019expertise \u00e0 chaque projet. Nous offrons une garantie de deux ans sur notre travail et sommes assur\u00e9s jusqu\u2019\u00e0 5 millions de dollars, ce qui vous assure la tranquillit\u00e9 d\u2019esprit. Nos services sont enti\u00e8rement bilingues, ce qui assure une communication claire et une exp\u00e9rience sans faille. Avec un engagement solide envers la satisfaction du client, nous garantissons un travail de haute qualit\u00e9 \u00e0 un prix \u00e9quitable pour chaque travail. Nous offrons nos services dans un rayon de 100 kilom\u00e8tres de la r\u00e9gion d\u2019Ottawa.     <\/p>\n\n<div style=\"height:50px\" aria-hidden=\"true\" class=\"wp-block-spacer\"><\/div>\n\n<h2 class=\"wp-block-heading\"><strong>Nos valeurs<\/strong><\/h2>\n\n<p class=\"\">Nous croyons qu\u2019il faut placer nos clients au premier plan. Notre engagement envers la qualit\u00e9, le professionnalisme et la fiabilit\u00e9 est au c\u0153ur de tout ce que nous faisons. De la premi\u00e8re consultation jusqu\u2019\u00e0 la r\u00e9alisation de votre projet, nous sommes l\u00e0 pour r\u00e9pondre \u00e0 vos besoins avec le plus haut niveau de service.  <\/p>\n","protected":false},"excerpt":{"rendered":"<p>Des solutions \u00e9lectriques expertes pour les maisons et les entreprises\u2009!<\/p>\n","protected":false},"author":1,"featured_media":990,"parent":0,"menu_order":0,"comment_status":"closed","ping_status":"closed","template":"","meta":{"_monsterinsights_skip_tracking":false,"_monsterinsights_sitenote_active":false,"_monsterinsights_sitenote_note":"","_monsterinsights_sitenote_category":0,"footnotes":""},"class_list":["post-1081","page","type-page","status-publish","has-post-thumbnail","hentry"],"aioseo_notices":[],"_links":{"self":[{"href":"https:\/\/gopowergroup.ca\/fr\/wp-json\/wp\/v2\/pages\/1081","targetHints":{"allow":["GET"]}}],"collection":[{"href":"https:\/\/gopowergroup.ca\/fr\/wp-json\/wp\/v2\/pages"}],"about":[{"href":"https:\/\/gopowergroup.ca\/fr\/wp-json\/wp\/v2\/types\/page"}],"author":[{"embeddable":true,"href":"https:\/\/gopowergroup.ca\/fr\/wp-json\/wp\/v2\/users\/1"}],"replies":[{"embeddable":true,"href":"https:\/\/gopowergroup.ca\/fr\/wp-json\/wp\/v2\/comments?post=1081"}],"version-history":[{"count":5,"href":"https:\/\/gopowergroup.ca\/fr\/wp-json\/wp\/v2\/pages\/1081\/revisions"}],"predecessor-version":[{"id":1408,"href":"https:\/\/gopowergroup.ca\/fr\/wp-json\/wp\/v2\/pages\/1081\/revisions\/1408"}],"wp:featuredmedia":[{"embeddable":true,"href":"https:\/\/gopowergroup.ca\/fr\/wp-json\/wp\/v2\/media\/990"}],"wp:attachment":[{"href":"https:\/\/gopowergroup.ca\/fr\/wp-json\/wp\/v2\/media?parent=1081"}],"curies":[{"name":"wp","href":"https:\/\/api.w.org\/{rel}","templated":true}]}}