{"id":1079,"date":"2024-10-02T15:36:12","date_gmt":"2024-10-02T19:36:12","guid":{"rendered":"https:\/\/gopowergroup.ca\/services\/"},"modified":"2026-03-03T13:14:19","modified_gmt":"2026-03-03T18:14:19","slug":"services","status":"publish","type":"page","link":"https:\/\/gopowergroup.ca\/fr\/services\/","title":{"rendered":"Services"},"content":{"rendered":"\n<div class=\"wp-block-group is-layout-constrained wp-container-core-group-is-layout-c0cf8e29 wp-block-group-is-layout-constrained\">\n<div class=\"wp-block-columns are-vertically-aligned-center has-black-background-color has-background nfd-wb-animate nfd-wb-fade-in-top-short is-layout-flex wp-container-core-columns-is-layout-9d6595d7 wp-block-columns-is-layout-flex\" id=\"services-residential\">\n<div class=\"wp-block-column is-vertically-aligned-center is-layout-flow wp-block-column-is-layout-flow\" style=\"flex-basis:15%\">\n<div class=\"wp-block-group is-nowrap is-layout-flex wp-container-core-group-is-layout-ad2f72ca wp-block-group-is-layout-flex\">\n<div style=\"height:100px;width:0px\" aria-hidden=\"true\" class=\"wp-block-spacer wp-container-content-6388d5dc\"><\/div>\n\n\n\n<figure class=\"wp-block-image aligncenter\"><img loading=\"lazy\" decoding=\"async\" width=\"800\" height=\"800\" src=\"https:\/\/gopowergroup.ca\/wp-content\/uploads\/2024\/10\/Residential.png\" alt=\"\" class=\"wp-image-414\" srcset=\"https:\/\/gopowergroup.ca\/wp-content\/uploads\/2024\/10\/Residential.png 800w, https:\/\/gopowergroup.ca\/wp-content\/uploads\/2024\/10\/Residential-480x480.png 480w\" sizes=\"(min-width: 0px) and (max-width: 480px) 480px, (min-width: 481px) 800px, 100vw\" \/><\/figure>\n<\/div>\n<\/div>\n\n\n\n<div class=\"wp-block-column is-vertically-aligned-center is-layout-flow wp-block-column-is-layout-flow\" style=\"flex-basis:80%\">\n<div style=\"height:12px\" aria-hidden=\"true\" class=\"wp-block-spacer\"><\/div>\n\n\n\n<h2 class=\"wp-block-heading has-text-color has-link-color wp-elements-7542fc449292902a8081de805abb8122\" style=\"color:#6cbeb9\">Services r\u00e9sidentiels<\/h2>\n\n\n\n<p class=\"has-white-color has-text-color has-link-color wp-elements-ace203fbb23574c929c26568f9486927\" style=\"font-size:16px\"><strong>Transformez votre maison de la r\u00e9gion d\u2019Ottawa gr\u00e2ce aux services \u00e9lectriques complets de GoPower. Que vous ayez besoin de mettre \u00e0 niveau votre panneau \u00e9lectrique, d\u2019installer un nouveau syst\u00e8me de maison intelligente ou d\u2019installer un \u00e9clairage paysager, notre \u00e9quipe est l\u00e0 pour vous aider. <\/strong><\/p>\n\n\n\n<div style=\"height:12px\" aria-hidden=\"true\" class=\"wp-block-spacer\"><\/div>\n<\/div>\n<\/div>\n<\/div>\n\n<ul class=\"wp-block-list\">\n<li class=\"\"><strong>Installation de chargeurs pour voitures \u00e9lectriques<\/strong> : Solutions de recharge pratiques pour les v\u00e9hicules \u00e9lectriques.<\/li>\n\n\n\n<li class=\"\"><strong>Am\u00e9lioration du tableau \u00e9lectrique<\/strong> : Am\u00e9liorez la capacit\u00e9 et la s\u00e9curit\u00e9 \u00e9lectriques de votre maison.<\/li>\n\n\n\n<li class=\"\"><strong>Automatisation de la maison<\/strong> : Contr\u00f4lez les syst\u00e8mes de votre maison depuis n\u2019importe o\u00f9 gr\u00e2ce \u00e0 l\u2019automatisation avanc\u00e9e.<\/li>\n\n\n\n<li class=\"\"><strong>\u00c9clairage paysager et ext\u00e9rieur <\/strong>: Des \u00e9clairages esth\u00e9tiques et fonctionnels pour vos espaces ext\u00e9rieurs.<\/li>\n\n\n\n<li class=\"\"><strong>Remplacement des luminaires <\/strong>: Modernisez votre maison avec des luminaires \u00e9l\u00e9gants et efficaces.<\/li>\n\n\n\n<li class=\"\"><strong>C\u00e2blage et commandes de piscine<\/strong> : C\u00e2blage s\u00fbr et fiable pour votre piscine et ses commandes.<\/li>\n\n\n\n<li class=\"\"><strong>C\u00e2blage du syst\u00e8me de s\u00e9curit\u00e9<\/strong> : Prot\u00e9gez votre maison avec des syst\u00e8mes de s\u00e9curit\u00e9 de pointe.<\/li>\n\n\n\n<li class=\"\"><strong>Syst\u00e8mes \u00e9lectriques domestiques intelligents<\/strong> : Int\u00e9grer la technologie intelligente pour am\u00e9liorer le confort et l'efficacit\u00e9.<\/li>\n\n\n\n<li class=\"\"><strong>G\u00e9n\u00e9rateurs de secours<\/strong> : Garantir une alimentation \u00e9lectrique ininterrompue gr\u00e2ce \u00e0 des g\u00e9n\u00e9rateurs de secours fiables.<\/li>\n\n\n\n<li class=\"\"><strong>C\u00e2blage et rec\u00e2blage <\/strong>: Am\u00e9liorer et entretenir le c\u00e2blage de votre maison pour une performance optimale.<\/li>\n<\/ul>\n\n<div class=\"wp-block-columns is-layout-flex wp-container-core-columns-is-layout-9d6595d7 wp-block-columns-is-layout-flex\">\n<div class=\"wp-block-column is-layout-flow wp-block-column-is-layout-flow\" style=\"flex-basis:100%\">\n<figure class=\"wp-block-gallery has-nested-images columns-default is-cropped wp-block-gallery-1 is-layout-flex wp-block-gallery-is-layout-flex\">\n<figure class=\"wp-block-image size-large\"><img loading=\"lazy\" decoding=\"async\" width=\"1024\" height=\"576\" data-id=\"443\" src=\"https:\/\/gopowergroup.ca\/wp-content\/uploads\/2024\/10\/gopower-residential-1-1024x576.jpg\" alt=\"\" class=\"wp-image-443\" srcset=\"https:\/\/gopowergroup.ca\/wp-content\/uploads\/2024\/10\/gopower-residential-1-980x551.jpg 980w, https:\/\/gopowergroup.ca\/wp-content\/uploads\/2024\/10\/gopower-residential-1-480x270.jpg 480w\" sizes=\"(min-width: 0px) and (max-width: 480px) 480px, (min-width: 481px) and (max-width: 980px) 980px, (min-width: 981px) 1024px, 100vw\" \/><\/figure>\n\n\n\n<figure class=\"wp-block-image size-full\"><img loading=\"lazy\" decoding=\"async\" width=\"1024\" height=\"586\" data-id=\"739\" src=\"https:\/\/gopowergroup.ca\/wp-content\/uploads\/2024\/11\/gopower-charging-electric-car.jpg\" alt=\"\" class=\"wp-image-739\" srcset=\"https:\/\/gopowergroup.ca\/wp-content\/uploads\/2024\/11\/gopower-charging-electric-car.jpg 1024w, https:\/\/gopowergroup.ca\/wp-content\/uploads\/2024\/11\/gopower-charging-electric-car-980x561.jpg 980w, https:\/\/gopowergroup.ca\/wp-content\/uploads\/2024\/11\/gopower-charging-electric-car-480x275.jpg 480w\" sizes=\"(min-width: 0px) and (max-width: 480px) 480px, (min-width: 481px) and (max-width: 980px) 980px, (min-width: 981px) 1024px, 100vw\" \/><\/figure>\n<\/figure>\n<\/div>\n<\/div>\n\n<div style=\"height:32px\" aria-hidden=\"true\" class=\"btn-quote wp-block-spacer\"><\/div>\n\n<div class=\"wp-block-buttons is-content-justification-center is-layout-flex wp-container-core-buttons-is-layout-16018d1d wp-block-buttons-is-layout-flex\">\n<div class=\"wp-block-button has-custom-width wp-block-button__width-75 nfd-wb-animate nfd-wb-reveal-right\"><a class=\"wp-block-button__link has-background has-medium-font-size has-text-align-center has-custom-font-size wp-element-button\" href=\"https:\/\/gopowergroup.ca\/fr\/obtenez-un-devis-maintenant\/\" style=\"border-radius:8px;background-color:#69beba\" target=\"_blank\" rel=\"noreferrer noopener\"><strong>OBTENEZ UN DEVIS GRATUIT D\u00c8S MAINTENANT !<\/strong><\/a><\/div>\n<\/div>\n\n<div class=\"wp-block-columns is-layout-flex wp-container-core-columns-is-layout-9d6595d7 wp-block-columns-is-layout-flex\" id=\"services-commercial\">\n<div class=\"wp-block-column is-layout-flow wp-block-column-is-layout-flow\" style=\"flex-basis:100%\">\n<div style=\"height:60px\" aria-hidden=\"true\" class=\"wp-block-spacer\"><\/div>\n<\/div>\n<\/div>\n\n<div class=\"wp-block-group is-layout-constrained wp-container-core-group-is-layout-c0cf8e29 wp-block-group-is-layout-constrained\">\n<div class=\"wp-block-columns are-vertically-aligned-center has-black-background-color has-background nfd-wb-animate nfd-wb-fade-in-top-short is-layout-flex wp-container-core-columns-is-layout-9d6595d7 wp-block-columns-is-layout-flex\" id=\"services-commercial\">\n<div class=\"wp-block-column is-vertically-aligned-center is-layout-flow wp-block-column-is-layout-flow\" style=\"flex-basis:15%\">\n<div class=\"wp-block-group is-nowrap is-layout-flex wp-container-core-group-is-layout-ad2f72ca wp-block-group-is-layout-flex\">\n<div style=\"height:100px;width:0px\" aria-hidden=\"true\" class=\"wp-block-spacer wp-container-content-6388d5dc\"><\/div>\n\n\n\n<figure class=\"wp-block-image aligncenter size-full\"><img loading=\"lazy\" decoding=\"async\" width=\"800\" height=\"800\" src=\"https:\/\/gopowergroup.ca\/wp-content\/uploads\/2024\/10\/Commercial.png\" alt=\"\" class=\"wp-image-415\" srcset=\"https:\/\/gopowergroup.ca\/wp-content\/uploads\/2024\/10\/Commercial.png 800w, https:\/\/gopowergroup.ca\/wp-content\/uploads\/2024\/10\/Commercial-480x480.png 480w\" sizes=\"(min-width: 0px) and (max-width: 480px) 480px, (min-width: 481px) 800px, 100vw\" \/><\/figure>\n<\/div>\n<\/div>\n\n\n\n<div class=\"wp-block-column is-vertically-aligned-center is-layout-flow wp-block-column-is-layout-flow\" style=\"flex-basis:80%\">\n<div style=\"height:12px\" aria-hidden=\"true\" class=\"wp-block-spacer\"><\/div>\n\n\n\n<h2 class=\"wp-block-heading has-text-color has-link-color wp-elements-2ba2ad4c471ca88861f3c7e5639c47e9\" style=\"color:#6cbeb9\">Services aux entreprises et aux particuliers<\/h2>\n\n\n\n<p class=\"has-white-color has-text-color has-link-color wp-elements-1a40164a61a6789ae7c0e1bcbc894cd7\" style=\"font-size:16px\"><strong>Assurez le bon fonctionnement de votre entreprise d'Ottawa et de la r\u00e9gion gr\u00e2ce aux services \u00e9lectriques commerciaux et de d\u00e9tail experts de GoPower. Du c\u00e2blage des bureaux aux syst\u00e8mes de s\u00e9curit\u00e9, nous offrons des solutions adapt\u00e9es aux besoins de votre entreprise. <\/strong><\/p>\n\n\n\n<div style=\"height:12px\" aria-hidden=\"true\" class=\"wp-block-spacer\"><\/div>\n<\/div>\n<\/div>\n<\/div>\n\n<ul class=\"wp-block-list\">\n<li class=\"\"><strong>Syst\u00e8mes de contr\u00f4le<\/strong> : Des syst\u00e8mes de contr\u00f4le efficaces et fiables pour vos op\u00e9rations.<\/li>\n\n\n\n<li class=\"\"><strong>Am\u00e9lioration du tableau \u00e9lectrique<\/strong> : Am\u00e9liorez votre tableau \u00e9lectrique pour r\u00e9pondre aux besoins croissants de votre entreprise.<\/li>\n\n\n\n<li class=\"\"><strong>Alarmes incendie<\/strong> : La s\u00e9curit\u00e9 est assur\u00e9e par des alarmes incendie correctement install\u00e9es et entretenues.<\/li>\n\n\n\n<li class=\"\"><strong>R\u00e9novation de l'\u00e9clairage<\/strong> : Am\u00e9liorer l'efficacit\u00e9 \u00e9nerg\u00e9tique et l'esth\u00e9tique gr\u00e2ce \u00e0 des solutions d'\u00e9clairage modernes.<\/li>\n\n\n\n<li class=\"\"><strong>C\u00e2blage des bureaux<\/strong> : Solutions de c\u00e2blage personnalis\u00e9es pour les bureaux et les environnements de travail.<\/li>\n\n\n\n<li class=\"\"><strong>\u00c9clairage ext\u00e9rieur et de stationnement<\/strong> : Am\u00e9liorez la s\u00e9curit\u00e9 et la visibilit\u00e9 gr\u00e2ce \u00e0 l'\u00e9clairage ext\u00e9rieur et \u00e0 celui des aires de stationnement.<\/li>\n\n\n\n<li class=\"\"><strong>Syst\u00e8mes de s\u00e9curit\u00e9 et de surveillance <\/strong>: Prot\u00e9gez votre entreprise gr\u00e2ce \u00e0 des syst\u00e8mes de s\u00e9curit\u00e9 avanc\u00e9s.<\/li>\n\n\n\n<li class=\"\"><strong>C\u00e2blage et rec\u00e2blage<\/strong> : Entretenez et am\u00e9liorez votre c\u00e2blage commercial pour une performance optimale.<\/li>\n<\/ul>\n\n<figure class=\"wp-block-gallery has-nested-images columns-default is-cropped wp-block-gallery-2 is-layout-flex wp-block-gallery-is-layout-flex\">\n<figure class=\"wp-block-image size-large\"><img loading=\"lazy\" decoding=\"async\" width=\"1024\" height=\"683\" data-id=\"449\" src=\"https:\/\/gopowergroup.ca\/wp-content\/uploads\/2024\/10\/gopower-commercial-1-1024x683.jpg\" alt=\"\" class=\"wp-image-449\" srcset=\"https:\/\/gopowergroup.ca\/wp-content\/uploads\/2024\/10\/gopower-commercial-1-980x653.jpg 980w, https:\/\/gopowergroup.ca\/wp-content\/uploads\/2024\/10\/gopower-commercial-1-480x320.jpg 480w\" sizes=\"(min-width: 0px) and (max-width: 480px) 480px, (min-width: 481px) and (max-width: 980px) 980px, (min-width: 981px) 1024px, 100vw\" \/><\/figure>\n\n\n\n<figure class=\"wp-block-image size-large\"><img loading=\"lazy\" decoding=\"async\" width=\"1024\" height=\"684\" data-id=\"450\" src=\"https:\/\/gopowergroup.ca\/wp-content\/uploads\/2024\/10\/gopower-commercial-2-1024x684.jpg\" alt=\"\" class=\"wp-image-450\"\/><\/figure>\n\n\n\n<figure class=\"wp-block-image size-full\"><img loading=\"lazy\" decoding=\"async\" width=\"768\" height=\"1024\" data-id=\"1374\" src=\"https:\/\/gopowergroup.ca\/wp-content\/uploads\/2025\/10\/IMG_3874-1.webp\" alt=\"\" class=\"wp-image-1374\" srcset=\"https:\/\/gopowergroup.ca\/wp-content\/uploads\/2025\/10\/IMG_3874-1.webp 768w, https:\/\/gopowergroup.ca\/wp-content\/uploads\/2025\/10\/IMG_3874-1-480x640.webp 480w\" sizes=\"(min-width: 0px) and (max-width: 480px) 480px, (min-width: 481px) 768px, 100vw\" \/><\/figure>\n<\/figure>\n\n<div style=\"height:32px\" aria-hidden=\"true\" class=\"btn-quote wp-block-spacer\"><\/div>\n\n<div class=\"wp-block-buttons is-content-justification-center is-layout-flex wp-container-core-buttons-is-layout-16018d1d wp-block-buttons-is-layout-flex\">\n<div class=\"wp-block-button has-custom-width wp-block-button__width-75 nfd-wb-animate nfd-wb-reveal-right\"><a class=\"wp-block-button__link has-background has-medium-font-size has-text-align-center has-custom-font-size wp-element-button\" href=\"https:\/\/gopowergroup.ca\/fr\/obtenez-un-devis-maintenant\/\" style=\"border-radius:8px;background-color:#69beba\" target=\"_blank\" rel=\"noreferrer noopener\"><strong>OBTENEZ UN DEVIS GRATUIT D\u00c8S MAINTENANT !<\/strong><\/a><\/div>\n<\/div>\n\n<div style=\"height:60px\" aria-hidden=\"true\" class=\"wp-block-spacer\"><\/div>\n\n<div class=\"wp-block-group is-layout-constrained wp-container-core-group-is-layout-c0cf8e29 wp-block-group-is-layout-constrained\">\n<div class=\"wp-block-columns are-vertically-aligned-center has-black-background-color has-background nfd-wb-animate nfd-wb-fade-in-top-short is-layout-flex wp-container-core-columns-is-layout-9d6595d7 wp-block-columns-is-layout-flex\" id=\"services-industrial\">\n<div class=\"wp-block-column is-vertically-aligned-center is-layout-flow wp-block-column-is-layout-flow\" style=\"flex-basis:15%\">\n<div class=\"wp-block-group is-nowrap is-layout-flex wp-container-core-group-is-layout-ad2f72ca wp-block-group-is-layout-flex\">\n<div style=\"height:100px;width:0px\" aria-hidden=\"true\" class=\"wp-block-spacer wp-container-content-6388d5dc\"><\/div>\n\n\n\n<figure class=\"wp-block-image aligncenter size-full\"><img loading=\"lazy\" decoding=\"async\" width=\"800\" height=\"800\" src=\"https:\/\/gopowergroup.ca\/wp-content\/uploads\/2024\/10\/agriculture.png\" alt=\"\" class=\"wp-image-416\" srcset=\"https:\/\/gopowergroup.ca\/wp-content\/uploads\/2024\/10\/agriculture.png 800w, https:\/\/gopowergroup.ca\/wp-content\/uploads\/2024\/10\/agriculture-480x480.png 480w\" sizes=\"(min-width: 0px) and (max-width: 480px) 480px, (min-width: 481px) 800px, 100vw\" \/><\/figure>\n<\/div>\n<\/div>\n\n\n\n<div class=\"wp-block-column is-vertically-aligned-center is-layout-flow wp-block-column-is-layout-flow\" style=\"flex-basis:80%\">\n<div style=\"height:12px\" aria-hidden=\"true\" class=\"wp-block-spacer\"><\/div>\n\n\n\n<h2 class=\"wp-block-heading has-text-color has-link-color wp-elements-0f76b9a2be8b636ae76e28fa95ee95a0\" style=\"color:#6cbeb9\">Services industriels et agricoles<\/h2>\n\n\n\n<p class=\"has-white-color has-text-color has-link-color wp-elements-ad4b926c0f69cc7949219e4849de797f\" style=\"font-size:16px\"><strong>GoPower offre des services \u00e9lectriques sp\u00e9cialis\u00e9s pour les applications industrielles et agricoles. Notre expertise en mati\u00e8re d'automatisation et de syst\u00e8mes de contr\u00f4le, entre autres, garantit l\u2019efficacit\u00e9 et la s\u00e9curit\u00e9 de vos op\u00e9rations. <\/strong><\/p>\n\n\n\n<div style=\"height:12px\" aria-hidden=\"true\" class=\"wp-block-spacer\"><\/div>\n<\/div>\n<\/div>\n<\/div>\n\n<ul class=\"wp-block-list\">\n<li class=\"\"><strong>Automatisation<\/strong> : Rationaliser les op\u00e9rations gr\u00e2ce \u00e0 des solutions d\u2019automatisation avanc\u00e9es.<\/li>\n\n\n\n<li class=\"\"><strong>Syst\u00e8mes de contr\u00f4le<\/strong> : Des syst\u00e8mes de contr\u00f4le fiables pour g\u00e9rer des processus industriels complexes.<\/li>\n\n\n\n<li class=\"\"><strong>Syst\u00e8mes d\u2019arr\u00eat d\u2019urgence<\/strong> : Garantir la s\u00e9curit\u00e9 gr\u00e2ce \u00e0 des syst\u00e8mes d\u2019arr\u00eat d'urgence pour les machines critiques.<\/li>\n\n\n\n<li class=\"\"><strong>D\u00e9lestage des g\u00e9n\u00e9rateurs<\/strong> : Optimiser l\u2019utilisation des g\u00e9n\u00e9rateurs et prolonger la dur\u00e9e de vie des \u00e9quipements.<\/li>\n\n\n\n<li class=\"\"><strong>D\u00e9pannage d\u2019infrastructures<\/strong> : D\u00e9pannage expert des infrastructures \u00e9lectriques industrielles.<\/li>\n\n\n\n<li class=\"\"><strong>Remplacement des moteurs <\/strong>: Des services efficaces de remplacement de moteurs pour minimiser les temps d'arr\u00eat.<\/li>\n\n\n\n<li class=\"\"><strong>Automates programmables (PLC)<\/strong> : Solutions PLC personnalis\u00e9es pour un contr\u00f4le pr\u00e9cis.<\/li>\n\n\n\n<li class=\"\"><strong>Entra\u00eenements \u00e0 fr\u00e9quence variable (EFV)<\/strong> : Am\u00e9liorer l\u2019efficacit\u00e9 avec les variateurs de fr\u00e9quence pour la commande des moteurs.<\/li>\n\n\n\n<li class=\"\"><strong>C\u00e2blage et rec\u00e2blage<\/strong> : Services complets de c\u00e2blage pour les besoins industriels et agricoles.<\/li>\n<\/ul>\n\n<figure class=\"wp-block-gallery has-nested-images columns-default is-cropped wp-block-gallery-3 is-layout-flex wp-block-gallery-is-layout-flex\">\n<figure class=\"wp-block-image size-full\"><img loading=\"lazy\" decoding=\"async\" width=\"768\" height=\"1024\" data-id=\"1371\" src=\"https:\/\/gopowergroup.ca\/wp-content\/uploads\/2025\/10\/IMG_3752-1.webp\" alt=\"\" class=\"wp-image-1371\" srcset=\"https:\/\/gopowergroup.ca\/wp-content\/uploads\/2025\/10\/IMG_3752-1.webp 768w, https:\/\/gopowergroup.ca\/wp-content\/uploads\/2025\/10\/IMG_3752-1-480x640.webp 480w\" sizes=\"(min-width: 0px) and (max-width: 480px) 480px, (min-width: 481px) 768px, 100vw\" \/><\/figure>\n\n\n\n<figure class=\"wp-block-image size-full\"><img loading=\"lazy\" decoding=\"async\" width=\"768\" height=\"1024\" data-id=\"1376\" src=\"https:\/\/gopowergroup.ca\/wp-content\/uploads\/2025\/10\/IMG_3813-1.webp\" alt=\"\" class=\"wp-image-1376\" srcset=\"https:\/\/gopowergroup.ca\/wp-content\/uploads\/2025\/10\/IMG_3813-1.webp 768w, https:\/\/gopowergroup.ca\/wp-content\/uploads\/2025\/10\/IMG_3813-1-480x640.webp 480w\" sizes=\"(min-width: 0px) and (max-width: 480px) 480px, (min-width: 481px) 768px, 100vw\" \/><\/figure>\n\n\n\n<figure class=\"wp-block-image size-large\"><img loading=\"lazy\" decoding=\"async\" width=\"768\" height=\"1024\" data-id=\"1369\" src=\"https:\/\/gopowergroup.ca\/wp-content\/uploads\/2025\/10\/77730973242__397C35E1-00B2-4ED3-8D14-DFFF0CB2DCD6.webp\" alt=\"\" class=\"wp-image-1369\" srcset=\"https:\/\/gopowergroup.ca\/wp-content\/uploads\/2025\/10\/77730973242__397C35E1-00B2-4ED3-8D14-DFFF0CB2DCD6.webp 768w, https:\/\/gopowergroup.ca\/wp-content\/uploads\/2025\/10\/77730973242__397C35E1-00B2-4ED3-8D14-DFFF0CB2DCD6-480x640.webp 480w\" sizes=\"(min-width: 0px) and (max-width: 480px) 480px, (min-width: 481px) 768px, 100vw\" \/><\/figure>\n<\/figure>\n\n<div style=\"height:32px\" aria-hidden=\"true\" class=\"btn-quote wp-block-spacer\"><\/div>\n\n<div class=\"wp-block-buttons is-content-justification-center is-layout-flex wp-container-core-buttons-is-layout-16018d1d wp-block-buttons-is-layout-flex\">\n<div class=\"wp-block-button has-custom-width wp-block-button__width-75 nfd-wb-animate nfd-wb-reveal-right\"><a class=\"wp-block-button__link has-background has-medium-font-size has-text-align-center has-custom-font-size wp-element-button\" href=\"https:\/\/gopowergroup.ca\/fr\/obtenez-un-devis-maintenant\/\" style=\"border-radius:8px;background-color:#69beba\" target=\"_blank\" rel=\"noreferrer noopener\"><strong>OBTENEZ UN DEVIS GRATUIT D\u00c8S MAINTENANT !<\/strong><\/a><\/div>\n<\/div>\n\n<div style=\"height:100px\" aria-hidden=\"true\" class=\"wp-block-spacer\"><\/div>\n\n<p class=\"\"><strong>Garanties de service<\/strong> : Chez GoPower, nous nous engageons sur la qualit\u00e9 de notre travail. Vous aurez l\u2019esprit tranquille gr\u00e2ce \u00e0 notre garantie de deux ans sur les services, \u00e0 notre couverture d\u2019assurance compl\u00e8te et \u00e0 notre engagement \u00e0 satisfaire nos clients. <\/p>\n","protected":false},"excerpt":{"rendered":"<p>Des solutions intelligentes pour chaque circuit : Vos \u00e9lectriciens attitr\u00e9s !<\/p>\n","protected":false},"author":1,"featured_media":973,"parent":0,"menu_order":0,"comment_status":"closed","ping_status":"closed","template":"","meta":{"_monsterinsights_skip_tracking":false,"_monsterinsights_sitenote_active":false,"_monsterinsights_sitenote_note":"","_monsterinsights_sitenote_category":0,"footnotes":""},"class_list":["post-1079","page","type-page","status-publish","has-post-thumbnail","hentry"],"aioseo_notices":[],"_links":{"self":[{"href":"https:\/\/gopowergroup.ca\/fr\/wp-json\/wp\/v2\/pages\/1079","targetHints":{"allow":["GET"]}}],"collection":[{"href":"https:\/\/gopowergroup.ca\/fr\/wp-json\/wp\/v2\/pages"}],"about":[{"href":"https:\/\/gopowergroup.ca\/fr\/wp-json\/wp\/v2\/types\/page"}],"author":[{"embeddable":true,"href":"https:\/\/gopowergroup.ca\/fr\/wp-json\/wp\/v2\/users\/1"}],"replies":[{"embeddable":true,"href":"https:\/\/gopowergroup.ca\/fr\/wp-json\/wp\/v2\/comments?post=1079"}],"version-history":[{"count":5,"href":"https:\/\/gopowergroup.ca\/fr\/wp-json\/wp\/v2\/pages\/1079\/revisions"}],"predecessor-version":[{"id":1406,"href":"https:\/\/gopowergroup.ca\/fr\/wp-json\/wp\/v2\/pages\/1079\/revisions\/1406"}],"wp:featuredmedia":[{"embeddable":true,"href":"https:\/\/gopowergroup.ca\/fr\/wp-json\/wp\/v2\/media\/973"}],"wp:attachment":[{"href":"https:\/\/gopowergroup.ca\/fr\/wp-json\/wp\/v2\/media?parent=1079"}],"curies":[{"name":"wp","href":"https:\/\/api.w.org\/{rel}","templated":true}]}}