{"id":1077,"date":"2024-10-01T11:28:30","date_gmt":"2024-10-01T15:28:30","guid":{"rendered":"https:\/\/gopowergroup.ca\/des-solutions-electriques-exceptionnelles-pour-tous-les-besoins\/"},"modified":"2026-03-03T13:05:21","modified_gmt":"2026-03-03T18:05:21","slug":"des-solutions-electriques-exceptionnelles-pour-tous-les-besoins","status":"publish","type":"page","link":"https:\/\/gopowergroup.ca\/fr\/","title":{"rendered":"Des solutions \u00e9lectriques exceptionnelles pour tous vos besoins"},"content":{"rendered":"\n<div class=\"wp-block-columns is-layout-flex wp-container-core-columns-is-layout-9d6595d7 wp-block-columns-is-layout-flex\">\n<div class=\"wp-block-column is-layout-flow wp-block-column-is-layout-flow\" style=\"flex-basis:40%\">\n<div class=\"wp-block-group is-layout-constrained wp-block-group-is-layout-constrained\">\n<h2 class=\"wp-block-heading\">Bienvenue chez <strong>GoPower<\/strong>, votre partenaire de confiance pour tous vos besoins en \u00e9lectricit\u00e9 dans la r\u00e9gion d\u2019Ottawa. <\/h2>\n\n\n\n<p class=\"\">Notre \u00e9quipe d\u2019\u00e9lectriciens certifi\u00e9s se consacre \u00e0 la r\u00e9alisation d\u2019installations, de r\u00e9novations et de travaux d\u2019entretien de qualit\u00e9 sup\u00e9rieure, dans un souci d\u2019excellence et de satisfaction de la client\u00e8le. Que vous souhaitiez am\u00e9liorer le syst\u00e8me \u00e9lectrique de votre maison ou que vous ayez besoin de solutions fiables pour votre entreprise ou votre installation industrielle, <strong>GoPower<\/strong> est l\u00e0 pour vous aider. <\/p>\n\n\n\n<div style=\"height:32px\" aria-hidden=\"true\" class=\"wp-block-spacer\"><\/div>\n\n\n\n<h3 class=\"wp-block-heading\">Pourquoi choisir le Groupe GoPower\u2009?<\/h3>\n\n\n\n<ul class=\"wp-block-list\">\n<li class=\"\">Ma\u00eetres \u00e9lectriciens certifi\u00e9s<\/li>\n\n\n\n<li class=\"\">Un travail de qualit\u00e9 sup\u00e9rieure<\/li>\n\n\n\n<li class=\"\">Un service professionnel et fiable<\/li>\n\n\n\n<li class=\"\">Garantie de deux ans sur tous les travaux<\/li>\n\n\n\n<li class=\"\">Assurance responsabilit\u00e9 civile de 5 millions de dollars<\/li>\n\n\n\n<li class=\"\">Service enti\u00e8rement bilingue (anglais et fran\u00e7ais)<\/li>\n<\/ul>\n<\/div>\n<\/div>\n\n\n\n<div class=\"wp-block-column is-layout-flow wp-block-column-is-layout-flow\" style=\"flex-basis:60%\"><style id=\"wpforms-css-vars-223-block-c5996f6f-a076-4c1d-9af6-0c6849721e2a\">\n\t\t\t\t#wpforms-223.wpforms-block-c5996f6f-a076-4c1d-9af6-0c6849721e2a {\n\t\t\t\t--wpforms-label-color: #32261b;\n--wpforms-label-sublabel-color: #634d36;\n--wpforms-label-error-color: #b20000;\n--wpforms-page-break-color: #d75e42;\n--wpforms-field-border-size: 2px;\n--wpforms-field-border-radius: 10px;\n--wpforms-field-background-color: #f9f9f7;\n--wpforms-field-border-color: #000000;\n--wpforms-field-border-color-spare: #000000;\n--wpforms-field-text-color: #000000;\n--wpforms-field-menu-color: #6abeba;\n--wpforms-container-padding: 40px;\n--wpforms-container-border-style: solid;\n--wpforms-container-border-width: 10px;\n--wpforms-container-border-color: #ffffff;\n--wpforms-container-border-radius: 30px;\n--wpforms-button-border-radius: 10px;\n--wpforms-button-background-color: #000000;\n--wpforms-button-text-color: #6abeba;\n--wpforms-button-border-color: #d75e42;\n--wpforms-background-image: stock;\n--wpforms-background-position: bottom center;\n--wpforms-background-color: #6abeba;\n--wpforms-field-size-input-height: 43px;\n--wpforms-field-size-input-spacing: 15px;\n--wpforms-field-size-font-size: 16px;\n--wpforms-field-size-line-height: 19px;\n--wpforms-field-size-padding-h: 14px;\n--wpforms-field-size-checkbox-size: 16px;\n--wpforms-field-size-sublabel-spacing: 5px;\n--wpforms-field-size-icon-size: 1;\n--wpforms-label-size-font-size: 16px;\n--wpforms-label-size-line-height: 19px;\n--wpforms-label-size-sublabel-font-size: 14px;\n--wpforms-label-size-sublabel-line-height: 17px;\n--wpforms-button-size-font-size: 20px;\n--wpforms-button-size-height: 48px;\n--wpforms-button-size-padding-h: 20px;\n--wpforms-button-size-margin-top: 15px;\n--wpforms-container-shadow-size-box-shadow: 0px 10px 20px 0px rgba(0, 0, 0, 0.1);\n\t\t\t}\n\t\t\t<\/style><style id=\"wpforms-custom-css-223-block-c5996f6f-a076-4c1d-9af6-0c6849721e2a\">\n\t\t\t\t.et-db #et-boc .et-l .et_pb_module div.wpforms-container-full {\n    margin-top: 0px!important;\n    margin-bottom: 0px!important;\n}\n\t\t\t<\/style><div class=\"wpforms-container wpforms-container-full wpforms-block wpforms-block-c5996f6f-a076-4c1d-9af6-0c6849721e2a wpforms-render-modern\" id=\"wpforms-223\"><form id=\"wpforms-form-223\" class=\"wpforms-validate wpforms-form wpforms-ajax-form\" data-formid=\"223\" method=\"post\" enctype=\"multipart\/form-data\" action=\"\/fr\/wp-json\/wp\/v2\/pages\/1077\" data-token=\"d84d9a1656b971d4f43afc138b1ee1b1\" data-token-time=\"1778070602\"><div class=\"wpforms-head-container\"><div class=\"wpforms-title\">CONNECTEZ-VOUS avec GoPower aujourd\u2019hui !<\/div><div class=\"wpforms-description\">Remplissez ce formulaire ou envoyez-nous un courriel pour obtenir un devis gratuit et sans engagement ! Nous sommes pr\u00eats \u00e0 vous aider pour tous vos besoins en \u00e9lectricit\u00e9.  <\/div><\/div><noscript class=\"wpforms-error-noscript\">Veuillez activer JavaScript dans votre navigateur pour remplir ce formulaire.<\/noscript><div id=\"wpforms-error-noscript\" style=\"display: none;\">Veuillez activer JavaScript dans votre navigateur pour remplir ce formulaire.<\/div><div class=\"wpforms-field-container\"><div id=\"wpforms-223-field_0-container\" class=\"wpforms-field wpforms-field-name\" data-field-type=\"name\" data-field-id=\"0\"><label class=\"wpforms-field-label wpforms-label-hide\" for=\"wpforms-223-field_0\" aria-hidden=\"false\">Nom <span class=\"wpforms-required-label\" aria-hidden=\"true\">*<\/span><\/label><input type=\"text\" id=\"wpforms-223-field_0\" class=\"wpforms-field-large wpforms-field-required\" name=\"wpforms[fields][0]\" placeholder=\"Nom\" aria-errormessage=\"wpforms-223-field_0-error\" required><\/div><div id=\"wpforms-223-field_3-container\" class=\"wpforms-field wpforms-field-phone wpforms-one-half wpforms-first\" data-field-type=\"phone\" data-field-id=\"3\"><label class=\"wpforms-field-label wpforms-label-hide\" for=\"wpforms-223-field_3\" aria-hidden=\"false\">T\u00e9l\u00e9phone<\/label><input type=\"tel\" id=\"wpforms-223-field_3\" class=\"wpforms-field-large wpforms-masked-input\" data-inputmask=\"&#039;mask&#039;: &#039;(999) 999-9999&#039;\" data-rule-us-phone-field=\"true\" data-inputmask-inputmode=\"tel\" name=\"wpforms[fields][3]\" placeholder=\"Num\u00e9ro de t\u00e9l\u00e9phone\" aria-label=\"T\u00e9l\u00e9phone\" aria-errormessage=\"wpforms-223-field_3-error\" ><\/div><div id=\"wpforms-223-field_1-container\" class=\"wpforms-field wpforms-field-email wpforms-one-half wpforms-last\" data-field-type=\"email\" data-field-id=\"1\"><label class=\"wpforms-field-label wpforms-label-hide\" for=\"wpforms-223-field_1\" aria-hidden=\"false\">Courriel <span class=\"wpforms-required-label\" aria-hidden=\"true\">*<\/span><\/label><input type=\"email\" id=\"wpforms-223-field_1\" class=\"wpforms-field-large wpforms-field-required\" name=\"wpforms[fields][1]\" placeholder=\"Adresse \u00e9lectronique\" spellcheck=\"false\" aria-errormessage=\"wpforms-223-field_1-error\" required><\/div>\t\t<div id=\"wpforms-223-field_6-container\"\n\t\t\tclass=\"wpforms-field wpforms-field-text\"\n\t\t\tdata-field-type=\"text\"\n\t\t\tdata-field-id=\"6\"\n\t\t\t>\n\t\t\t<label class=\"wpforms-field-label\" for=\"wpforms-223-field_6\" >T\u00e9l\u00e9phone Nom travaux<\/label>\n\t\t\t<input type=\"text\" id=\"wpforms-223-field_6\" class=\"wpforms-field-medium\" name=\"wpforms[fields][6]\" >\n\t\t<\/div>\n\t\t<div id=\"wpforms-223-field_4-container\" class=\"wpforms-field wpforms-field-radio wpforms-list-inline\" data-field-type=\"radio\" data-field-id=\"4\"><fieldset><legend class=\"wpforms-field-label\">M\u00e9thode de communication pr\u00e9f\u00e9r\u00e9e<\/legend><ul id=\"wpforms-223-field_4\"><li class=\"choice-1 depth-1\"><input type=\"radio\" id=\"wpforms-223-field_4_1\" name=\"wpforms[fields][4]\" value=\"Courriel\" aria-errormessage=\"wpforms-223-field_4_1-error\"  ><label class=\"wpforms-field-label-inline\" for=\"wpforms-223-field_4_1\">Courriel<\/label><\/li><li class=\"choice-2 depth-1\"><input type=\"radio\" id=\"wpforms-223-field_4_2\" name=\"wpforms[fields][4]\" value=\"T\u00e9l\u00e9phone\" aria-errormessage=\"wpforms-223-field_4_2-error\"  ><label class=\"wpforms-field-label-inline\" for=\"wpforms-223-field_4_2\">T\u00e9l\u00e9phone<\/label><\/li><\/ul><\/fieldset><\/div><div id=\"wpforms-223-field_5-container\" class=\"wpforms-field wpforms-field-address\" data-field-type=\"address\" data-field-id=\"5\"><fieldset><legend class=\"wpforms-field-label\">Address<\/legend><div class=\"wpforms-field-row wpforms-field-large\"><div ><input type=\"text\" id=\"wpforms-223-field_5\" class=\"wpforms-field-address-address1\" name=\"wpforms[fields][5][address1]\" data-autocomplete=\"1\" aria-errormessage=\"wpforms-223-field_5-error\" ><label for=\"wpforms-223-field_5\" class=\"wpforms-field-sublabel after\">Adresse ligne\u00a01<\/label><\/div><\/div><div class=\"wpforms-field-row wpforms-field-large\"><div class=\"wpforms-field-row-block wpforms-one-half wpforms-first\"><input type=\"text\" id=\"wpforms-223-field_5-city\" class=\"wpforms-field-address-city\" name=\"wpforms[fields][5][city]\" aria-errormessage=\"wpforms-223-field_5-city-error\" ><label for=\"wpforms-223-field_5-city\" class=\"wpforms-field-sublabel after\">Ville<\/label><\/div><div class=\"wpforms-field-row-block wpforms-one-half\"><input type=\"text\" id=\"wpforms-223-field_5-state\" class=\"wpforms-field-address-state\" name=\"wpforms[fields][5][state]\" aria-errormessage=\"wpforms-223-field_5-state-error\" ><label for=\"wpforms-223-field_5-state\" class=\"wpforms-field-sublabel after\">\u00c9tat \/ Province \/ R\u00e9gion<\/label><\/div><\/div><div class=\"wpforms-field-row wpforms-field-large\"><div class=\"wpforms-field-row-block wpforms-one-half wpforms-first\"><input type=\"text\" id=\"wpforms-223-field_5-postal\" class=\"wpforms-field-address-postal\" name=\"wpforms[fields][5][postal]\" aria-errormessage=\"wpforms-223-field_5-postal-error\" ><label for=\"wpforms-223-field_5-postal\" class=\"wpforms-field-sublabel after\">Code postal<\/label><\/div><\/div><\/fieldset><\/div><div id=\"wpforms-223-field_2-container\" class=\"wpforms-field wpforms-field-textarea\" data-field-type=\"textarea\" data-field-id=\"2\"><label class=\"wpforms-field-label wpforms-label-hide\" for=\"wpforms-223-field_2\" aria-hidden=\"false\">Description des travaux <span class=\"wpforms-required-label\" aria-hidden=\"true\">*<\/span><\/label><textarea id=\"wpforms-223-field_2\" class=\"wpforms-field-medium wpforms-field-required\" name=\"wpforms[fields][2]\" placeholder=\"Description des travaux\" aria-errormessage=\"wpforms-223-field_2-error\" required><\/textarea><\/div><script>\n\t\t\t\t( function() {\n\t\t\t\t\tconst style = document.createElement( 'style' );\n\t\t\t\t\tstyle.appendChild( document.createTextNode( '#wpforms-223-field_6-container { position: absolute !important; overflow: hidden !important; display: inline !important; height: 1px !important; width: 1px !important; z-index: -1000 !important; padding: 0 !important; } #wpforms-223-field_6-container input { visibility: hidden; } #wpforms-conversational-form-page #wpforms-223-field_6-container label { counter-increment: none; }' ) );\n\t\t\t\t\tdocument.head.appendChild( style );\n\t\t\t\t\tdocument.currentScript?.remove();\n\t\t\t\t} )();\n\t\t\t<\/script><\/div><!-- .wpforms-field-container --><div class=\"wpforms-recaptcha-container wpforms-is-recaptcha wpforms-is-recaptcha-type-v3\" ><input type=\"hidden\" name=\"wpforms[recaptcha]\" value=\"\"><\/div><div class=\"wpforms-submit-container\" ><input type=\"hidden\" name=\"wpforms[id]\" value=\"223\"><input type=\"hidden\" name=\"page_title\" value=\"\"><input type=\"hidden\" name=\"page_url\" value=\"https:\/\/gopowergroup.ca\/fr\/wp-json\/wp\/v2\/pages\/1077\"><input type=\"hidden\" name=\"url_referer\" value=\"\"><button type=\"submit\" name=\"wpforms[submit]\" id=\"wpforms-submit-223\" class=\"wpforms-submit\" data-alt-text=\"Connexion...\" data-submit-text=\"Se connecter !\" aria-live=\"assertive\" value=\"wpforms-submit\">Se connecter !<\/button><img loading=\"lazy\" decoding=\"async\" src=\"https:\/\/gopowergroup.ca\/wp-content\/plugins\/wpforms\/assets\/images\/submit-spin.svg\" class=\"wpforms-submit-spinner\" style=\"display: none;\" width=\"26\" height=\"26\" alt=\"Chargement en cours\"><\/div><\/form><\/div>  <!-- .wpforms-container --><\/div>\n<\/div>\n","protected":false},"excerpt":{"rendered":"<p>Service d\u2019experts | Qualit\u00e9 du travail | Solutions de confiance<\/p>\n","protected":false},"author":1,"featured_media":961,"parent":0,"menu_order":0,"comment_status":"closed","ping_status":"closed","template":"","meta":{"_monsterinsights_skip_tracking":false,"_monsterinsights_sitenote_active":false,"_monsterinsights_sitenote_note":"","_monsterinsights_sitenote_category":0,"footnotes":""},"class_list":["post-1077","page","type-page","status-publish","has-post-thumbnail","hentry"],"aioseo_notices":[],"_links":{"self":[{"href":"https:\/\/gopowergroup.ca\/fr\/wp-json\/wp\/v2\/pages\/1077","targetHints":{"allow":["GET"]}}],"collection":[{"href":"https:\/\/gopowergroup.ca\/fr\/wp-json\/wp\/v2\/pages"}],"about":[{"href":"https:\/\/gopowergroup.ca\/fr\/wp-json\/wp\/v2\/types\/page"}],"author":[{"embeddable":true,"href":"https:\/\/gopowergroup.ca\/fr\/wp-json\/wp\/v2\/users\/1"}],"replies":[{"embeddable":true,"href":"https:\/\/gopowergroup.ca\/fr\/wp-json\/wp\/v2\/comments?post=1077"}],"version-history":[{"count":5,"href":"https:\/\/gopowergroup.ca\/fr\/wp-json\/wp\/v2\/pages\/1077\/revisions"}],"predecessor-version":[{"id":1393,"href":"https:\/\/gopowergroup.ca\/fr\/wp-json\/wp\/v2\/pages\/1077\/revisions\/1393"}],"wp:featuredmedia":[{"embeddable":true,"href":"https:\/\/gopowergroup.ca\/fr\/wp-json\/wp\/v2\/media\/961"}],"wp:attachment":[{"href":"https:\/\/gopowergroup.ca\/fr\/wp-json\/wp\/v2\/media?parent=1077"}],"curies":[{"name":"wp","href":"https:\/\/api.w.org\/{rel}","templated":true}]}}