{"id":1075,"date":"2024-10-04T15:46:18","date_gmt":"2024-10-04T19:46:18","guid":{"rendered":"https:\/\/gopowergroup.ca\/projets\/"},"modified":"2026-03-03T13:16:16","modified_gmt":"2026-03-03T18:16:16","slug":"projets","status":"publish","type":"page","link":"https:\/\/gopowergroup.ca\/fr\/projets\/","title":{"rendered":"Projets"},"content":{"rendered":"\n<h2 class=\"wp-block-heading\"><strong>Galerie de projets<\/strong><\/h2>\n\n<p class=\"\">D\u00e9couvrez notre portefeuille de projets r\u00e9alis\u00e9s dans la r\u00e9gion d\u2019Ottawa, qui illustre notre expertise et notre engagement en faveur de la qualit\u00e9. Qu\u2019il s\u2019agisse d\u2019am\u00e9liorations r\u00e9sidentielles ou d\u2019installations commerciales \u00e0 grande \u00e9chelle, voyez comment <strong>GoPower<\/strong> fournit des r\u00e9sultats exceptionnels.<\/p>\n","protected":false},"excerpt":{"rendered":"<p>Alimentez-en toute confiance : Services \u00e9lectriques r\u00e9sidentiels et industriels garantis\u2009!<\/p>\n","protected":false},"author":1,"featured_media":979,"parent":0,"menu_order":0,"comment_status":"closed","ping_status":"closed","template":"","meta":{"_monsterinsights_skip_tracking":false,"_monsterinsights_sitenote_active":false,"_monsterinsights_sitenote_note":"","_monsterinsights_sitenote_category":0,"footnotes":""},"class_list":["post-1075","page","type-page","status-publish","has-post-thumbnail","hentry"],"aioseo_notices":[],"_links":{"self":[{"href":"https:\/\/gopowergroup.ca\/fr\/wp-json\/wp\/v2\/pages\/1075","targetHints":{"allow":["GET"]}}],"collection":[{"href":"https:\/\/gopowergroup.ca\/fr\/wp-json\/wp\/v2\/pages"}],"about":[{"href":"https:\/\/gopowergroup.ca\/fr\/wp-json\/wp\/v2\/types\/page"}],"author":[{"embeddable":true,"href":"https:\/\/gopowergroup.ca\/fr\/wp-json\/wp\/v2\/users\/1"}],"replies":[{"embeddable":true,"href":"https:\/\/gopowergroup.ca\/fr\/wp-json\/wp\/v2\/comments?post=1075"}],"version-history":[{"count":5,"href":"https:\/\/gopowergroup.ca\/fr\/wp-json\/wp\/v2\/pages\/1075\/revisions"}],"predecessor-version":[{"id":1409,"href":"https:\/\/gopowergroup.ca\/fr\/wp-json\/wp\/v2\/pages\/1075\/revisions\/1409"}],"wp:featuredmedia":[{"embeddable":true,"href":"https:\/\/gopowergroup.ca\/fr\/wp-json\/wp\/v2\/media\/979"}],"wp:attachment":[{"href":"https:\/\/gopowergroup.ca\/fr\/wp-json\/wp\/v2\/media?parent=1075"}],"curies":[{"name":"wp","href":"https:\/\/api.w.org\/{rel}","templated":true}]}}