{"id":1067,"date":"2025-03-21T14:37:03","date_gmt":"2025-03-21T18:37:03","guid":{"rendered":"https:\/\/gopowergroup.ca\/eclairage-gemstone\/"},"modified":"2026-03-03T13:25:07","modified_gmt":"2026-03-03T18:25:07","slug":"eclairage-gemstone","status":"publish","type":"page","link":"https:\/\/gopowergroup.ca\/fr\/eclairage-gemstone\/","title":{"rendered":"\u00c9clairage Gemstone"},"content":{"rendered":"\n<p class=\"\">Gemstone Lighting (\u00c9clairage DEL architectural) fait r\u00e9f\u00e9rence aux syst\u00e8mes d\u2019\u00e9clairage DEL permanents et personnalisables install\u00e9s sur les maisons et les entreprises, principalement le long des lignes de toit, des avant-toits, des patios et des espaces ext\u00e9rieurs. Ces syst\u00e8mes sont \u00e9conomes en \u00e9nergie, contr\u00f4l\u00e9s par des applications et capables d\u2019afficher des millions de couleurs, ce qui les rend id\u00e9aux pour une utilisation tout au long de l\u2019ann\u00e9e, y compris pour les pr\u00e9sentations de vacances, l\u2019\u00e9clairage d\u2019accentuation et l\u2019\u00e9clairage de s\u00e9curit\u00e9. <\/p>\n\n<figure class=\"wp-block-video\"><video controls=\"\" preload=\"auto\" src=\"https:\/\/drive.google.com\/file\/d\/1dVteEQexsf-XZOyO4JlWbLHLMT7m5BOH\/view?usp=share_link\" playsinline=\"\"><\/video><\/figure>\n\n<div style=\"height:48px\" aria-hidden=\"true\" class=\"wp-block-spacer\"><\/div>\n\n<div class=\"wp-block-columns are-vertically-aligned-center is-layout-flex wp-container-core-columns-is-layout-9d6595d7 wp-block-columns-is-layout-flex\">\n<div class=\"wp-block-column is-layout-flow wp-block-column-is-layout-flow\" style=\"flex-basis:35%\">\n<h2 class=\"wp-block-heading has-text-align-right\"><strong>Caract\u00e9ristiques principales de l\u2019\u00e9clairage Gemstone<\/strong><\/h2>\n\n\n\n<div style=\"height:32px\" aria-hidden=\"true\" class=\"wp-block-spacer\"><\/div>\n<\/div>\n\n\n\n<div class=\"wp-block-column has-background is-layout-constrained wp-container-core-column-is-layout-06ee857a wp-block-column-is-layout-constrained\" style=\"background-color:#ecf3f9;flex-basis:65%\">\n<div style=\"height:32px\" aria-hidden=\"true\" class=\"wp-block-spacer\"><\/div>\n\n\n\n<h4 class=\"wp-block-heading has-text-align-left\"><strong>Installation permanente<\/strong><\/h4>\n\n\n\n<p class=\"has-text-align-left\">Contrairement aux guirlandes lumineuses traditionnelles, ces LED sont install\u00e9es une seule fois et peuvent \u00eatre utilis\u00e9es tout au long de l'ann\u00e9e.<\/p>\n\n\n\n<h4 class=\"wp-block-heading has-text-align-left\"><strong>Couleurs et motifs personnalisables<\/strong><\/h4>\n\n\n\n<p class=\"\">Les utilisateurs peuvent contr\u00f4ler les couleurs, les animations, la luminosit\u00e9 et les effets par le biais d\u2019une application mobile.<\/p>\n\n\n\n<h4 class=\"wp-block-heading\"><strong>Contr\u00f4le des applications intelligentes<\/strong><\/h4>\n\n\n\n<p class=\"\">La plupart des syst\u00e8mes proposent des applications bas\u00e9es sur le cloud avec programmation, contr\u00f4le de groupe et int\u00e9gration avec des appareils domestiques intelligents.<\/p>\n\n\n\n<h4 class=\"wp-block-heading\"><strong>Efficacit\u00e9 \u00e9nerg\u00e9tique\u2009; longue dur\u00e9e de vie<\/strong><\/h4>\n\n\n\n<p class=\"\">La technologie DEL garantit une faible consommation d\u2019\u00e9nergie et une longue dur\u00e9e de vie (souvent plus de 50 000 heures).<\/p>\n\n\n\n<h4 class=\"wp-block-heading\"><strong>Conception r\u00e9sistante aux intemp\u00e9ries<\/strong><\/h4>\n\n\n\n<p class=\"\">Construit pour r\u00e9sister \u00e0 la pluie, \u00e0 la neige et aux temp\u00e9ratures extr\u00eames.<\/p>\n\n\n\n<h4 class=\"wp-block-heading\"><strong>Zonage et gradation<\/strong><\/h4>\n\n\n\n<p class=\"\">De nombreux syst\u00e8mes vous permettent de contr\u00f4ler des sections sp\u00e9cifiques de lumi\u00e8res pour obtenir diff\u00e9rents effets.<\/p>\n\n\n\n<h4 class=\"wp-block-heading has-text-align-left\"><strong>Avantages en mati\u00e8re de s\u00e9curit\u00e9<\/strong><\/h4>\n\n\n\n<p class=\"has-text-align-left\">Peut \u00eatre programm\u00e9 automatiquement ou activ\u00e9 par un mouvement pour plus de s\u00e9curit\u00e9.<\/p>\n\n\n\n<div style=\"height:32px\" aria-hidden=\"true\" class=\"wp-block-spacer\"><\/div>\n<\/div>\n<\/div>\n\n<div style=\"height:48px\" aria-hidden=\"true\" class=\"wp-block-spacer\"><\/div>\n\n<figure class=\"wp-block-gallery has-nested-images columns-default is-cropped wp-block-gallery-1 is-layout-flex wp-block-gallery-is-layout-flex\">\n<figure class=\"wp-block-image size-large\"><img loading=\"lazy\" decoding=\"async\" width=\"768\" height=\"511\" data-id=\"664\" src=\"https:\/\/gopowergroup.ca\/wp-content\/uploads\/2024\/10\/gemstone-photo-4.webp\" alt=\"\" class=\"wp-image-664\" srcset=\"https:\/\/gopowergroup.ca\/wp-content\/uploads\/2024\/10\/gemstone-photo-4.webp 768w, https:\/\/gopowergroup.ca\/wp-content\/uploads\/2024\/10\/gemstone-photo-4-480x319.webp 480w\" sizes=\"(min-width: 0px) and (max-width: 480px) 480px, (min-width: 481px) 768px, 100vw\" \/><\/figure>\n\n\n\n<figure class=\"wp-block-image size-large\"><img loading=\"lazy\" decoding=\"async\" width=\"768\" height=\"512\" data-id=\"665\" src=\"https:\/\/gopowergroup.ca\/wp-content\/uploads\/2024\/10\/gemstone-photo-5.webp\" alt=\"\" class=\"wp-image-665\" srcset=\"https:\/\/gopowergroup.ca\/wp-content\/uploads\/2024\/10\/gemstone-photo-5.webp 768w, https:\/\/gopowergroup.ca\/wp-content\/uploads\/2024\/10\/gemstone-photo-5-480x320.webp 480w\" sizes=\"(min-width: 0px) and (max-width: 480px) 480px, (min-width: 481px) 768px, 100vw\" \/><\/figure>\n\n\n\n<figure class=\"wp-block-image size-large\"><img loading=\"lazy\" decoding=\"async\" width=\"768\" height=\"512\" data-id=\"663\" src=\"https:\/\/gopowergroup.ca\/wp-content\/uploads\/2024\/10\/gemstone-photo-3.webp\" alt=\"\" class=\"wp-image-663\" srcset=\"https:\/\/gopowergroup.ca\/wp-content\/uploads\/2024\/10\/gemstone-photo-3.webp 768w, https:\/\/gopowergroup.ca\/wp-content\/uploads\/2024\/10\/gemstone-photo-3-480x320.webp 480w\" sizes=\"(min-width: 0px) and (max-width: 480px) 480px, (min-width: 481px) 768px, 100vw\" \/><\/figure>\n\n\n\n<figure class=\"wp-block-image size-large\"><img loading=\"lazy\" decoding=\"async\" width=\"768\" height=\"512\" data-id=\"662\" src=\"https:\/\/gopowergroup.ca\/wp-content\/uploads\/2024\/10\/gemstone-photo-2.webp\" alt=\"\" class=\"wp-image-662\" srcset=\"https:\/\/gopowergroup.ca\/wp-content\/uploads\/2024\/10\/gemstone-photo-2.webp 768w, https:\/\/gopowergroup.ca\/wp-content\/uploads\/2024\/10\/gemstone-photo-2-480x320.webp 480w\" sizes=\"(min-width: 0px) and (max-width: 480px) 480px, (min-width: 481px) 768px, 100vw\" \/><\/figure>\n\n\n\n<figure class=\"wp-block-image size-large\"><img loading=\"lazy\" decoding=\"async\" width=\"768\" height=\"512\" data-id=\"661\" src=\"https:\/\/gopowergroup.ca\/wp-content\/uploads\/2024\/10\/gemstone-photo-1.jpg\" alt=\"\" class=\"wp-image-661\" srcset=\"https:\/\/gopowergroup.ca\/wp-content\/uploads\/2024\/10\/gemstone-photo-1.jpg 768w, https:\/\/gopowergroup.ca\/wp-content\/uploads\/2024\/10\/gemstone-photo-1-480x320.jpg 480w\" sizes=\"(min-width: 0px) and (max-width: 480px) 480px, (min-width: 481px) 768px, 100vw\" \/><\/figure>\n<\/figure>\n\n<div style=\"height:48px\" aria-hidden=\"true\" class=\"wp-block-spacer\"><\/div>\n\n<h2 class=\"wp-block-heading has-text-align-center\"><strong>Utilisations populaires<\/strong><\/h2>\n\n<div class=\"wp-block-columns is-layout-flex wp-container-core-columns-is-layout-9d6595d7 wp-block-columns-is-layout-flex\">\n<div class=\"wp-block-column is-vertically-aligned-center has-black-color has-text-color has-background has-link-color wp-elements-d2660b75ad72eb99303c97d018a42838 is-layout-constrained wp-container-core-column-is-layout-990f8f10 wp-block-column-is-layout-constrained\" style=\"background-color:#e3eef7;flex-basis:33.34%\">\n<div style=\"height:32px\" aria-hidden=\"true\" class=\"wp-block-spacer\"><\/div>\n\n\n\n<p class=\"has-text-align-center has-medium-font-size\"><strong>\u00c9clairage des f\u00eates<\/strong> <\/p>\n\n\n\n<p class=\"has-text-align-center\">Passez facilement de No\u00ebl \u00e0 Halloween ou \u00e0 d\u2019autres th\u00e8mes saisonniers.<\/p>\n\n\n\n<div style=\"height:32px\" aria-hidden=\"true\" class=\"wp-block-spacer\"><\/div>\n<\/div>\n\n\n\n<div class=\"wp-block-column is-vertically-aligned-center has-black-color has-text-color has-background has-link-color wp-elements-e22022b7945fa16130b93c6aac37aba0 is-layout-constrained wp-container-core-column-is-layout-990f8f10 wp-block-column-is-layout-constrained\" style=\"background-color:#e3eef7;flex-basis:33.34%\">\n<div style=\"height:32px\" aria-hidden=\"true\" class=\"wp-block-spacer\"><\/div>\n\n\n\n<p class=\"has-text-align-center has-medium-font-size\"><strong>\u00c9clairage architectural et d\u2019appoint<\/strong><\/p>\n\n\n\n<p class=\"has-text-align-center\">Mettez en \u00e9vidence les lignes de toit, les fen\u00eatres et les all\u00e9es.<\/p>\n\n\n\n<div style=\"height:32px\" aria-hidden=\"true\" class=\"wp-block-spacer\"><\/div>\n<\/div>\n\n\n\n<div class=\"wp-block-column is-vertically-aligned-center has-black-color has-text-color has-background has-link-color wp-elements-cc1e144579075f574fc117dfaeb50329 is-layout-constrained wp-container-core-column-is-layout-990f8f10 wp-block-column-is-layout-constrained\" style=\"background-color:#e3eef7;flex-basis:33.33%\">\n<div style=\"height:32px\" aria-hidden=\"true\" class=\"wp-block-spacer\"><\/div>\n\n\n\n<p class=\"has-text-align-center has-medium-font-size\"><strong>\u00c9clairage de s\u00e9curit\u00e9 et de s\u00fbret\u00e9<\/strong> <\/p>\n\n\n\n<p class=\"has-text-align-center\">Illuminez les entr\u00e9es, les all\u00e9es et les voies d\u2019acc\u00e8s la nuit.<\/p>\n\n\n\n<div style=\"height:32px\" aria-hidden=\"true\" class=\"wp-block-spacer\"><\/div>\n<\/div>\n<\/div>\n\n<div style=\"height:48px\" aria-hidden=\"true\" class=\"wp-block-spacer\"><\/div>\n\n<h3 class=\"wp-block-heading has-text-align-center\"><strong>Transformez votre maison ou votre entreprise avec un \u00e9clairage \u00e9tonnant et personnalisable.<\/strong> <\/h3>\n\n<h4 class=\"wp-block-heading has-text-align-center has-medium-font-size\">Contactez le <strong>Groupe GoPower<\/strong> d\u00e8s aujourd\u2019hui pour en savoir plus et obtenir un devis personnalis\u00e9\u2009!<\/h4>\n","protected":false},"excerpt":{"rendered":"<p>Solutions LED personnalisables pour les particuliers et les entreprises<\/p>\n","protected":false},"author":1,"featured_media":1011,"parent":0,"menu_order":0,"comment_status":"closed","ping_status":"closed","template":"","meta":{"_monsterinsights_skip_tracking":false,"_monsterinsights_sitenote_active":false,"_monsterinsights_sitenote_note":"","_monsterinsights_sitenote_category":0,"footnotes":""},"class_list":["post-1067","page","type-page","status-publish","has-post-thumbnail","hentry"],"aioseo_notices":[],"_links":{"self":[{"href":"https:\/\/gopowergroup.ca\/fr\/wp-json\/wp\/v2\/pages\/1067","targetHints":{"allow":["GET"]}}],"collection":[{"href":"https:\/\/gopowergroup.ca\/fr\/wp-json\/wp\/v2\/pages"}],"about":[{"href":"https:\/\/gopowergroup.ca\/fr\/wp-json\/wp\/v2\/types\/page"}],"author":[{"embeddable":true,"href":"https:\/\/gopowergroup.ca\/fr\/wp-json\/wp\/v2\/users\/1"}],"replies":[{"embeddable":true,"href":"https:\/\/gopowergroup.ca\/fr\/wp-json\/wp\/v2\/comments?post=1067"}],"version-history":[{"count":5,"href":"https:\/\/gopowergroup.ca\/fr\/wp-json\/wp\/v2\/pages\/1067\/revisions"}],"predecessor-version":[{"id":1418,"href":"https:\/\/gopowergroup.ca\/fr\/wp-json\/wp\/v2\/pages\/1067\/revisions\/1418"}],"wp:featuredmedia":[{"embeddable":true,"href":"https:\/\/gopowergroup.ca\/fr\/wp-json\/wp\/v2\/media\/1011"}],"wp:attachment":[{"href":"https:\/\/gopowergroup.ca\/fr\/wp-json\/wp\/v2\/media?parent=1067"}],"curies":[{"name":"wp","href":"https:\/\/api.w.org\/{rel}","templated":true}]}}