{"id":1051,"date":"2024-10-04T14:53:25","date_gmt":"2024-10-04T18:53:25","guid":{"rendered":"https:\/\/gopowergroup.ca\/faq\/"},"modified":"2026-03-03T13:15:02","modified_gmt":"2026-03-03T18:15:02","slug":"faq","status":"publish","type":"page","link":"https:\/\/gopowergroup.ca\/fr\/faq\/","title":{"rendered":"Foire aux questions"},"content":{"rendered":"\n<div data-schema-only=\"false\" class=\"wp-block-aioseo-faq\"><h3 class=\"aioseo-faq-block-question\"><strong>1. Quels types de services \u00e9lectriques proposez-vous\u2009?<\/strong><\/h3><div class=\"aioseo-faq-block-answer\">\n<p class=\"\">Nous offrons une gamme compl\u00e8te de services \u00e9lectriques, sp\u00e9cialis\u00e9s dans les solutions r\u00e9sidentielles, commerciales et industrielles. Cela comprend l\u2019installation, la mise \u00e0 niveau, la maintenance et la r\u00e9paration de tableaux \u00e9lectriques, d\u2019\u00e9clairages, de syst\u00e8mes d\u2019automatisation, de syst\u00e8mes de s\u00e9curit\u00e9 et bien plus encore. Notre expertise s\u2019\u00e9tend des petites t\u00e2ches telles que le remplacement de luminaires aux projets de grande envergure, tels que l\u2019installation d\u2019un syst\u00e8me complet et le d\u00e9pannage complexe. Pour une liste d\u00e9taill\u00e9e de nos services, veuillez <a href=\"https:\/\/gopowergroup.ca\/fr\/services\/\" title=\"Services\">consulter notre page Services.<\/a>   <\/p>\n\n\n\n<p class=\"\"><\/p>\n<\/div><\/div>\n\n\n\n<div data-schema-only=\"false\" class=\"wp-block-aioseo-faq\"><h3 class=\"aioseo-faq-block-question\"><strong>2. Vos \u00e9lectriciens sont-ils certifi\u00e9s et assur\u00e9s\u2009?<\/strong><\/h3><div class=\"aioseo-faq-block-answer\">\n<p class=\"\">Oui, tous nos \u00e9lectriciens sont enti\u00e8rement certifi\u00e9s et assur\u00e9s, avec une couverture allant jusqu\u2019\u00e0 5 millions de dollars. Nous veillons \u00e0 ce que notre \u00e9quipe r\u00e9ponde aux normes les plus strictes en mati\u00e8re de professionnalisme et de s\u00e9curit\u00e9, ce qui vous permet d\u2019avoir l\u2019esprit tranquille et de savoir que votre projet est entre de bonnes mains. <\/p>\n\n\n\n<p class=\"\"><\/p>\n<\/div><\/div>\n\n\n\n<div data-schema-only=\"false\" class=\"wp-block-aioseo-faq\"><h3 class=\"aioseo-faq-block-question\"><strong>3. Offrez-vous des garanties sur vos services\u2009?<\/strong><\/h3><div class=\"aioseo-faq-block-answer\">\n<p class=\"\">Oui, nous offrons une garantie de deux ans sur notre travail. Cette garantie refl\u00e8te notre engagement \u00e0 fournir des r\u00e9sultats de haute qualit\u00e9 et notre confiance dans la durabilit\u00e9 et la fiabilit\u00e9 de notre travail. <\/p>\n\n\n\n<p class=\"\"><\/p>\n<\/div><\/div>\n\n\n\n<div data-schema-only=\"false\" class=\"wp-block-aioseo-faq\"><h3 class=\"aioseo-faq-block-question\"><strong>4. Comment demander un devis pour un projet\u2009?<\/strong><\/h3><div class=\"aioseo-faq-block-answer\">\n<p class=\"\">Pour demander un devis, vous pouvez remplir notre <a href=\"https:\/\/gopowergroup.ca\/fr\/obtenez-un-devis-maintenant\/\" target=\"_blank\" rel=\"noopener\" title=\"Demandez un devis maintenant\u2009!\">formulaire de contact<\/a> ou nous appeler directement \u00e0 Ottawa au <a href=\"tel:3438803906\" title=\"343-880-3906\">343-880-3906<\/a>. Nous offrons des devis gratuits et sans obligation pour vous aider \u00e0 comprendre l\u2019\u00e9tendue et le co\u00fbt de votre projet. <\/p>\n\n\n\n<p class=\"\"><\/p>\n<\/div><\/div>\n\n\n\n<div data-schema-only=\"false\" class=\"wp-block-aioseo-faq\"><h3 class=\"aioseo-faq-block-question\"><strong>5. Quel est le calendrier habituel de r\u00e9alisation d\u2019un projet\u2009?<\/strong><\/h3><div class=\"aioseo-faq-block-answer\">\n<p class=\"\">Le d\u00e9lai d\u2019ex\u00e9cution d\u2019un projet d\u00e9pend de sa taille et de sa complexit\u00e9. Pour les services r\u00e9sidentiels, les projets prennent g\u00e9n\u00e9ralement de quelques heures \u00e0 quelques jours. Les projets commerciaux et industriels peuvent prendre plus de temps. Lors de la consultation initiale, nous vous fournissons une estimation des d\u00e9lais en fonction de vos besoins sp\u00e9cifiques.   <\/p>\n\n\n\n<p class=\"\"><\/p>\n<\/div><\/div>\n\n\n\n<div data-schema-only=\"false\" class=\"wp-block-aioseo-faq\"><h3 class=\"aioseo-faq-block-question\"><strong>6. Pouvez-vous effectuer des r\u00e9parations \u00e9lectriques d\u2019urgence\u2009?<\/strong><\/h3><div class=\"aioseo-faq-block-answer\">\n<p class=\"\">Oui, nous proposons des services de r\u00e9paration \u00e9lectrique d\u2019urgence. Si vous rencontrez un probl\u00e8me critique en dehors des heures de bureau, veuillez nous contacter imm\u00e9diatement au <a href=\"tel:3438803906\" title=\"343-880-3906\">343-880-3906<\/a>, et nous ferons de notre mieux pour r\u00e9soudre le probl\u00e8me le plus rapidement possible. <\/p>\n\n\n\n<p class=\"\"><\/p>\n<\/div><\/div>\n\n\n\n<div data-schema-only=\"false\" class=\"wp-block-aioseo-faq\"><h3 class=\"aioseo-faq-block-question\"><strong>7. Vos services sont-ils disponibles en anglais et en fran\u00e7ais\u2009?<\/strong><\/h3><div class=\"aioseo-faq-block-answer\">\n<p class=\"\">Oui, nos services sont enti\u00e8rement bilingues. Notre \u00e9quipe parle couramment l\u2019anglais et le fran\u00e7ais afin d\u2019assurer une communication claire et une exp\u00e9rience sans faille pour tous nos clients. <\/p>\n\n\n\n<p class=\"\"><\/p>\n<\/div><\/div>\n\n\n\n<div data-schema-only=\"false\" class=\"wp-block-aioseo-faq\"><h3 class=\"aioseo-faq-block-question\"><strong>8. Comment entretenir mon installation \u00e9lectrique pour en assurer la s\u00e9curit\u00e9\u2009?<\/strong><\/h3><div class=\"aioseo-faq-block-answer\">\n<p class=\"\">Un entretien r\u00e9gulier est essentiel pour garantir la s\u00e9curit\u00e9 et l\u2019efficacit\u00e9 de votre syst\u00e8me \u00e9lectrique. Nous vous recommandons de faire inspecter p\u00e9riodiquement votre syst\u00e8me par un professionnel, de remplacer tout composant d\u00e9fectueux et de r\u00e9soudre rapidement tout probl\u00e8me. Pour plus de conseils sur l\u2019entretien de votre syst\u00e8me \u00e9lectrique, n\u2019h\u00e9sitez pas \u00e0 <a href=\"https:\/\/gopowergroup.ca\/fr\/obtenez-un-devis-maintenant\/\" target=\"_blank\" rel=\"noopener\" title=\"Demandez un devis maintenant\u2009!\">nous contacter<\/a>.  <\/p>\n\n\n\n<p class=\"\"><\/p>\n<\/div><\/div>\n\n\n\n<div data-schema-only=\"false\" class=\"wp-block-aioseo-faq\"><h3 class=\"aioseo-faq-block-question\"><strong>9. Quelles sont les r\u00e9gions que vous desservez\u2009?<\/strong><\/h3><div class=\"aioseo-faq-block-answer\">\n<p class=\"\">Nous desservons la grande r\u00e9gion d\u2019Ottawa, y compris les r\u00e9gions avoisinantes (Orl\u00e9ans, Rockland, Hawkesbury, Limoges et Casselman, pour n\u2019en nommer que quelques-unes). Si vous n\u2019\u00eates pas s\u00fbr que nous couvrons votre r\u00e9gion, contactez-nous et nous vous confirmerons notre zone de service.<\/p>\n\n\n\n<p class=\"\"><\/p>\n<\/div><\/div>\n","protected":false},"excerpt":{"rendered":"<p>Trouvez les r\u00e9ponses aux questions les plus fr\u00e9quemment pos\u00e9es sur nos services, nos tarifs et nos proc\u00e9dures.<\/p>\n","protected":false},"author":1,"featured_media":982,"parent":0,"menu_order":0,"comment_status":"closed","ping_status":"closed","template":"","meta":{"_monsterinsights_skip_tracking":false,"_monsterinsights_sitenote_active":false,"_monsterinsights_sitenote_note":"","_monsterinsights_sitenote_category":0,"footnotes":""},"class_list":["post-1051","page","type-page","status-publish","has-post-thumbnail","hentry"],"aioseo_notices":[],"_links":{"self":[{"href":"https:\/\/gopowergroup.ca\/fr\/wp-json\/wp\/v2\/pages\/1051","targetHints":{"allow":["GET"]}}],"collection":[{"href":"https:\/\/gopowergroup.ca\/fr\/wp-json\/wp\/v2\/pages"}],"about":[{"href":"https:\/\/gopowergroup.ca\/fr\/wp-json\/wp\/v2\/types\/page"}],"author":[{"embeddable":true,"href":"https:\/\/gopowergroup.ca\/fr\/wp-json\/wp\/v2\/users\/1"}],"replies":[{"embeddable":true,"href":"https:\/\/gopowergroup.ca\/fr\/wp-json\/wp\/v2\/comments?post=1051"}],"version-history":[{"count":5,"href":"https:\/\/gopowergroup.ca\/fr\/wp-json\/wp\/v2\/pages\/1051\/revisions"}],"predecessor-version":[{"id":1407,"href":"https:\/\/gopowergroup.ca\/fr\/wp-json\/wp\/v2\/pages\/1051\/revisions\/1407"}],"wp:featuredmedia":[{"embeddable":true,"href":"https:\/\/gopowergroup.ca\/fr\/wp-json\/wp\/v2\/media\/982"}],"wp:attachment":[{"href":"https:\/\/gopowergroup.ca\/fr\/wp-json\/wp\/v2\/media?parent=1051"}],"curies":[{"name":"wp","href":"https:\/\/api.w.org\/{rel}","templated":true}]}}