{"id":1044,"date":"2025-03-25T14:28:06","date_gmt":"2025-03-25T18:28:06","guid":{"rendered":"https:\/\/gopowergroup.ca\/panneaux-solaires-et-batteries-de-secours\/"},"modified":"2026-03-03T13:26:17","modified_gmt":"2026-03-03T18:26:17","slug":"panneaux-solaires-et-batteries-de-secours","status":"publish","type":"page","link":"https:\/\/gopowergroup.ca\/fr\/panneaux-solaires-et-batteries-de-secours\/","title":{"rendered":"Panneaux solaires et batteries de secours"},"content":{"rendered":"\n<h2 class=\"wp-block-heading\">Utilisant l\u2019\u00e9nergie propre et renouvelable des photons du soleil, les panneaux solaires vous permettent d\u2019\u00eatre ind\u00e9pendant sur le plan \u00e9nerg\u00e9tique et de r\u00e9duire, voire d\u2019\u00e9liminer, votre facture d\u2019\u00e9lectricit\u00e9.<\/h2>\n\n<div style=\"height:48px\" aria-hidden=\"true\" class=\"wp-block-spacer\"><\/div>\n\n<div class=\"wp-block-columns are-vertically-aligned-center is-layout-flex wp-container-core-columns-is-layout-9d6595d7 wp-block-columns-is-layout-flex\">\n<div class=\"wp-block-column has-background is-layout-constrained wp-container-core-column-is-layout-06ee857a wp-block-column-is-layout-constrained\" style=\"background-color:#ecf3f9\">\n<div style=\"height:32px\" aria-hidden=\"true\" class=\"wp-block-spacer\"><\/div>\n\n\n\n<h3 class=\"wp-block-heading has-text-align-left\"><strong>Comptage net<\/strong><\/h3>\n\n\n\n<p class=\"has-text-align-left\">En interconnectant le r\u00e9seau et votre syst\u00e8me solaire, vous disposez d\u2019une source d\u2019\u00e9nergie propre et fiable pour votre approvisionnement principal. Toute \u00e9lectricit\u00e9 produite en plus de votre demande sera export\u00e9e vers le r\u00e9seau et cr\u00e9dit\u00e9e sur votre facture d\u2019\u00e9lectricit\u00e9.<\/p>\n\n\n\n<h3 class=\"wp-block-heading\"><strong>Raccordement au r\u00e9seau avec batterie de secours<\/strong><\/h3>\n\n\n\n<p class=\"\">Id\u00e9al pour les applications o\u00f9 une \u00e9lectricit\u00e9 constante est n\u00e9cessaire sans interruption, comme les appareils m\u00e9dicaux de secours. Cette application stocke l\u2019\u00e9lectricit\u00e9 en courant continu produite par le syst\u00e8me solaire dans des batteries au lithium pour l\u2019utiliser \u00e0 votre convenance, lorsque le r\u00e9seau est d\u00e9faillant ou pour \u00e9conomiser des co\u00fbts pendant les heures de pointe.<\/p>\n\n\n\n<h3 class=\"wp-block-heading\"><strong>S\u2019affranchir du r\u00e9seau<\/strong><\/h3>\n\n\n\n<p class=\"\">Cette application d\u00e9pend uniquement de votre syst\u00e8me de panneaux solaires pour l\u2019\u00e9lectricit\u00e9, parfait pour les endroits isol\u00e9s, contactez-nous pour mettre en place une conception adapt\u00e9e \u00e0 vos besoins.<\/p>\n\n\n\n<h3 class=\"wp-block-heading\"><strong>Subventions, pr\u00eats et remises<\/strong><\/h3>\n\n\n\n<p class=\"\">Des programmes au niveau f\u00e9d\u00e9ral et provincial sont mis en \u0153uvre fr\u00e9quemment pour encourager les propri\u00e9taires et les entreprises \u00e0 poursuivre des syst\u00e8mes de sauvegarde de panneaux solaires et de batterie. <a href=\"https:\/\/gopowergroup.ca\/fr\/obtenez-un-devis-maintenant\/\" target=\"_blank\" rel=\"noopener\" title=\"Demandez un devis maintenant&#x2009;!\">Connectez-vous avec nous<\/a> pour d\u00e9couvrir les programmes dont vous pouvez actuellement profiter.<\/p>\n\n\n\n<h3 class=\"wp-block-heading has-text-align-left\"><strong>Contr\u00f4le<\/strong><\/h3>\n\n\n\n<p class=\"has-text-align-left\">Gr\u00e2ce \u00e0 une application sur votre t\u00e9l\u00e9phone, surveillez l\u2019efficacit\u00e9 de chaque panneau solaire pour assurer une utilisation optimale de votre syst\u00e8me, nos techniciens sont avertis si votre syst\u00e8me subit une d\u00e9faillance technique par le biais de la m\u00eame application afin de fournir un soutien \u00e0 notre installation.<\/p>\n\n\n\n<div style=\"height:32px\" aria-hidden=\"true\" class=\"wp-block-spacer\"><\/div>\n<\/div>\n<\/div>\n\n<div class=\"wp-block-columns is-layout-flex wp-container-core-columns-is-layout-9d6595d7 wp-block-columns-is-layout-flex\">\n<div class=\"wp-block-column is-layout-flow wp-block-column-is-layout-flow\" style=\"flex-basis:50%\">\n<figure class=\"wp-block-image size-full\"><img loading=\"lazy\" decoding=\"async\" width=\"1024\" height=\"682\" src=\"https:\/\/gopowergroup.ca\/wp-content\/uploads\/2025\/04\/AdobeStock_450287136.webp\" alt=\"\" class=\"wp-image-1335\" srcset=\"https:\/\/gopowergroup.ca\/wp-content\/uploads\/2025\/04\/AdobeStock_450287136.webp 1024w, https:\/\/gopowergroup.ca\/wp-content\/uploads\/2025\/04\/AdobeStock_450287136-980x653.webp 980w, https:\/\/gopowergroup.ca\/wp-content\/uploads\/2025\/04\/AdobeStock_450287136-480x320.webp 480w\" sizes=\"(min-width: 0px) and (max-width: 480px) 480px, (min-width: 481px) and (max-width: 980px) 980px, (min-width: 981px) 1024px, 100vw\" \/><\/figure>\n<\/div>\n\n\n\n<div class=\"wp-block-column is-layout-flow wp-block-column-is-layout-flow\" style=\"flex-basis:50%\">\n<figure class=\"wp-block-image size-full\"><img loading=\"lazy\" decoding=\"async\" width=\"1024\" height=\"585\" src=\"https:\/\/gopowergroup.ca\/wp-content\/uploads\/2025\/04\/AdobeStock_892079163.webp\" alt=\"\" class=\"wp-image-1332\" srcset=\"https:\/\/gopowergroup.ca\/wp-content\/uploads\/2025\/04\/AdobeStock_892079163.webp 1024w, https:\/\/gopowergroup.ca\/wp-content\/uploads\/2025\/04\/AdobeStock_892079163-980x560.webp 980w, https:\/\/gopowergroup.ca\/wp-content\/uploads\/2025\/04\/AdobeStock_892079163-480x274.webp 480w\" sizes=\"(min-width: 0px) and (max-width: 480px) 480px, (min-width: 481px) and (max-width: 980px) 980px, (min-width: 981px) 1024px, 100vw\" \/><\/figure>\n<\/div>\n<\/div>\n\n<div style=\"height:48px\" aria-hidden=\"true\" class=\"wp-block-spacer\"><\/div>\n\n<h3 class=\"wp-block-heading has-text-align-center\">Passez au solaire d\u00e8s aujourd\u2019hui \u2013 \u00c9conomisez de l\u2019\u00e9nergie, restez aliment\u00e9.<\/h3>\n\n<h4 class=\"wp-block-heading has-text-align-center has-medium-font-size\">Contactez le <strong>Groupe GoPower<\/strong> d\u00e8s aujourd\u2019hui pour en savoir plus et obtenir un devis personnalis\u00e9\u2009!<\/h4>\n","protected":false},"excerpt":{"rendered":"<p>Alimentez votre avenir : Une \u00e9nergie propre, toujours disponible<\/p>\n","protected":false},"author":1,"featured_media":1243,"parent":0,"menu_order":0,"comment_status":"closed","ping_status":"closed","template":"","meta":{"_monsterinsights_skip_tracking":false,"_monsterinsights_sitenote_active":false,"_monsterinsights_sitenote_note":"","_monsterinsights_sitenote_category":0,"footnotes":""},"class_list":["post-1044","page","type-page","status-publish","has-post-thumbnail","hentry"],"aioseo_notices":[],"_links":{"self":[{"href":"https:\/\/gopowergroup.ca\/fr\/wp-json\/wp\/v2\/pages\/1044","targetHints":{"allow":["GET"]}}],"collection":[{"href":"https:\/\/gopowergroup.ca\/fr\/wp-json\/wp\/v2\/pages"}],"about":[{"href":"https:\/\/gopowergroup.ca\/fr\/wp-json\/wp\/v2\/types\/page"}],"author":[{"embeddable":true,"href":"https:\/\/gopowergroup.ca\/fr\/wp-json\/wp\/v2\/users\/1"}],"replies":[{"embeddable":true,"href":"https:\/\/gopowergroup.ca\/fr\/wp-json\/wp\/v2\/comments?post=1044"}],"version-history":[{"count":5,"href":"https:\/\/gopowergroup.ca\/fr\/wp-json\/wp\/v2\/pages\/1044\/revisions"}],"predecessor-version":[{"id":1422,"href":"https:\/\/gopowergroup.ca\/fr\/wp-json\/wp\/v2\/pages\/1044\/revisions\/1422"}],"wp:featuredmedia":[{"embeddable":true,"href":"https:\/\/gopowergroup.ca\/fr\/wp-json\/wp\/v2\/media\/1243"}],"wp:attachment":[{"href":"https:\/\/gopowergroup.ca\/fr\/wp-json\/wp\/v2\/media?parent=1044"}],"curies":[{"name":"wp","href":"https:\/\/api.w.org\/{rel}","templated":true}]}}